{"id":2238,"date":"2026-02-06T21:42:18","date_gmt":"2026-02-06T20:42:18","guid":{"rendered":"https:\/\/diasporasolidaria.org\/?page_id=2238"},"modified":"2026-02-06T22:47:04","modified_gmt":"2026-02-06T21:47:04","slug":"apoyo-derechos-y-recursos-en-los-paises-bajos","status":"publish","type":"page","link":"https:\/\/diasporasolidaria.org\/nl\/violencia-de-genero\/apoyo-derechos-y-recursos-en-los-paises-bajos\/","title":{"rendered":"Apoyo, derechos y recursos en los Pa\u00edses Bajos"},"content":{"rendered":"<div class=\"boldgrid-section\">\n<div class=\"container\">\n<div class=\"row\">\n<div class=\"col-lg-12 col-md-12 col-xs-12 col-sm-12\">\n<h3 class=\"\"><strong>Apoyo, derechos y recursos en los Pa\u00edses Bajos<\/strong><\/h3>\n<p class=\"\">En los Pa\u00edses Bajos existen instancias institucionales y organizaciones que brindan apoyo a personas que viven situaciones de violencia de g\u00e9nero, como servicios sociales, l\u00edneas de ayuda, refugios y organizaciones feministas.<\/p>\n<p class=\"\">Sin embargo, el acceso a estos recursos no siempre es sencillo para las mujeres migrantes, especialmente cuando existen barreras idiom\u00e1ticas, desconocimiento de derechos o experiencias previas de discriminaci\u00f3n institucional.<\/p>\n<p class=\"\">Por ello, consideramos fundamental que la informaci\u00f3n sea clara, accesible y culturalmente sensible, y que las instituciones adopten un enfoque de g\u00e9nero e interseccional que tenga en cuenta las realidades espec\u00edficas de las mujeres migrantes.<\/p>\n<p class=\"\">&nbsp;<\/p>\n<h4 class=\"\" data-start=\"135\" data-end=\"173\"><strong>Centro de Violencia Sexual (CSG)<\/strong><\/h4>\n<p class=\"\" data-start=\"175\" data-end=\"371\">El <strong data-start=\"178\" data-end=\"214\">Centro de Violencia Sexual (CSG)<\/strong> es una organizaci\u00f3n profesional donde cualquier persona que haya vivido recientemente o hace tiempo una experiencia sexual no deseada puede recibir ayuda.<\/p>\n<p class=\"\" data-start=\"373\" data-end=\"458\"><strong data-start=\"373\" data-end=\"387\">Sitio web:<\/strong> <a class=\"decorated-link\" href=\"https:\/\/centrumseksueelgeweld.nl\" target=\"_new\" rel=\"noopener\" data-start=\"388\" data-end=\"456\">https:\/\/centrumseksueelgeweld.nl<svg xmlns=\"http:\/\/www.w3.org\/2000\/svg\" width=\"20\" height=\"20\" aria-hidden=\"true\" data-rtl-flip=\"\" class=\"block h-[0.75em] w-[0.75em] stroke-current stroke-[0.75]\"><\/svg><\/a><\/p>\n<p data-start=\"460\" data-end=\"492\"><strong data-start=\"460\" data-end=\"490\">Contacto y ayuda inmediata<\/strong><\/p>\n<ul class=\"\" data-start=\"493\" data-end=\"948\">\n<li data-start=\"493\" data-end=\"573\">\n<p data-start=\"495\" data-end=\"573\"><strong data-start=\"495\" data-end=\"508\">Tel\u00e9fono:<\/strong> Llamada gratuita y an\u00f3nima al <strong data-start=\"539\" data-end=\"552\">0800-0188<\/strong> (disponible 24\/7).<\/p>\n<\/li>\n<li data-start=\"574\" data-end=\"723\">\n<p data-start=\"576\" data-end=\"723\"><strong data-start=\"576\" data-end=\"585\">Chat:<\/strong> Posibilidad de chatear de forma an\u00f3nima a trav\u00e9s del chat oficial: lunes a viernes de 16:00 a 06:00 y fines de semana de 20:00 a 06:00.<\/p>\n<\/li>\n<li data-start=\"724\" data-end=\"948\">\n<p data-start=\"726\" data-end=\"948\"><strong data-start=\"726\" data-end=\"738\">Rapidez:<\/strong> Para recibir la mejor atenci\u00f3n m\u00e9dica y forense (como la preservaci\u00f3n de pruebas), se recomienda contactar dentro de los <strong data-start=\"860\" data-end=\"895\">7 d\u00edas posteriores al incidente<\/strong> (preferiblemente dentro de las primeras 72 horas).<\/p>\n<\/li>\n<\/ul>\n<p class=\"\" data-start=\"950\" data-end=\"1067\"><strong data-start=\"950\" data-end=\"965\">Qu\u00e9 ofrecen<\/strong><br data-start=\"965\" data-end=\"968\">El CSG aplica un enfoque integral en el que distintos especialistas trabajan bajo un mismo techo:<\/p>\n<ul class=\"\" data-start=\"1068\" data-end=\"1595\">\n<li data-start=\"1068\" data-end=\"1200\">\n<p data-start=\"1070\" data-end=\"1200\"><strong data-start=\"1070\" data-end=\"1090\">Atenci\u00f3n m\u00e9dica:<\/strong> Prevenci\u00f3n de embarazos no deseados o infecciones de transmisi\u00f3n sexual y tratamiento de posibles lesiones.<\/p>\n<\/li>\n<li data-start=\"1201\" data-end=\"1336\">\n<p data-start=\"1203\" data-end=\"1336\"><strong data-start=\"1203\" data-end=\"1225\">Apoyo psicol\u00f3gico:<\/strong> Primera acogida y ayuda para procesar la experiencia y reducir s\u00edntomas como el estr\u00e9s postraum\u00e1tico (PTSD).<\/p>\n<\/li>\n<li data-start=\"1337\" data-end=\"1466\">\n<p data-start=\"1339\" data-end=\"1466\"><strong data-start=\"1339\" data-end=\"1365\">Investigaci\u00f3n forense:<\/strong> En colaboraci\u00f3n con la polic\u00eda, se pueden preservar pruebas para una posible investigaci\u00f3n futura.<\/p>\n<\/li>\n<li data-start=\"1467\" data-end=\"1595\">\n<p data-start=\"1469\" data-end=\"1595\"><strong data-start=\"1469\" data-end=\"1496\">Asesor\u00eda e informaci\u00f3n:<\/strong> Tambi\u00e9n ofrecen orientaci\u00f3n sobre comportamientos sexuales online no deseados (como el sexting).<\/p>\n<\/li>\n<\/ul>\n<p class=\"\" data-start=\"1597\" data-end=\"1821\"><strong data-start=\"1597\" data-end=\"1612\">Ubicaciones<\/strong><br data-start=\"1612\" data-end=\"1615\">El CSG cuenta con <strong data-start=\"1633\" data-end=\"1661\">16 sedes en toda Holanda<\/strong>, lo que garantiza que la ayuda est\u00e9 siempre al alcance. En algunas ciudades, como \u00c1msterdam, es posible acudir directamente a la sede f\u00edsica sin cita previa.<\/p>\n<p class=\"\" data-start=\"1597\" data-end=\"1821\">&nbsp;<\/p>\n<h4 class=\"\" data-start=\"118\" data-end=\"136\"><strong data-start=\"118\" data-end=\"134\">Veilig Thuis<\/strong><\/h4>\n<p data-start=\"138\" data-end=\"424\"><strong data-start=\"138\" data-end=\"154\">Veilig Thuis<\/strong> es el punto nacional de asesoramiento y denuncia para cualquier persona que se enfrente a violencia dom\u00e9stica, maltrato infantil o maltrato a personas mayores. Es una organizaci\u00f3n a la que pueden acudir v\u00edctimas, agresores o testigos para recibir ayuda y orientaci\u00f3n.<\/p>\n<p data-start=\"426\" data-end=\"589\"><strong data-start=\"426\" data-end=\"456\">Contacto y ayuda inmediata<\/strong><br data-start=\"456\" data-end=\"459\">Tel\u00e9fono: Llamada gratuita al 0800-2000 (disponible 24\/7).<br data-start=\"517\" data-end=\"520\">Sitio web: <a class=\"decorated-link\" href=\"https:\/\/www.veiligthuis.nl\" target=\"_new\" rel=\"noopener\" data-start=\"531\" data-end=\"587\">https:\/\/www.veiligthuis.nl<svg xmlns=\"http:\/\/www.w3.org\/2000\/svg\" width=\"20\" height=\"20\" aria-hidden=\"true\" data-rtl-flip=\"\" class=\"block h-[0.75em] w-[0.75em] stroke-current stroke-[0.75]\"><\/svg><\/a><\/p>\n<p data-start=\"591\" data-end=\"610\"><strong data-start=\"591\" data-end=\"608\">C\u00f3mo funciona<\/strong><\/p>\n<ul data-start=\"611\" data-end=\"1049\">\n<li data-start=\"611\" data-end=\"764\">\n<p data-start=\"613\" data-end=\"764\"><strong data-start=\"613\" data-end=\"639\">Asesoramiento y apoyo:<\/strong> Puedes hablar de tus preocupaciones (de manera an\u00f3nima) con un profesional que te orientar\u00e1 sobre posibles pasos a seguir.<\/p>\n<\/li>\n<li data-start=\"765\" data-end=\"926\">\n<p data-start=\"767\" data-end=\"926\"><strong data-start=\"767\" data-end=\"794\">Recepci\u00f3n de denuncias:<\/strong> Si la situaci\u00f3n es insegura, se puede presentar una denuncia. Veilig Thuis investiga la situaci\u00f3n y determina la ayuda necesaria.<\/p>\n<\/li>\n<li data-start=\"927\" data-end=\"1049\">\n<p data-start=\"929\" data-end=\"1049\"><strong data-start=\"929\" data-end=\"955\">Organizaci\u00f3n de ayuda:<\/strong> Colaboran con servicios locales para restablecer la seguridad dentro de un hogar o familia.<\/p>\n<\/li>\n<\/ul>\n<p data-start=\"1051\" data-end=\"1064\"><strong data-start=\"1051\" data-end=\"1062\">Proceso<\/strong><\/p>\n<ol data-start=\"1065\" data-end=\"1326\">\n<li data-start=\"1065\" data-end=\"1104\">\n<p data-start=\"1068\" data-end=\"1104\">Llamas gratis al n\u00famero 0800-2000.<\/p>\n<\/li>\n<li data-start=\"1105\" data-end=\"1206\">\n<p data-start=\"1108\" data-end=\"1206\">Un profesional escucha tu historia y realiza preguntas para evaluar la gravedad de la situaci\u00f3n.<\/p>\n<\/li>\n<li data-start=\"1207\" data-end=\"1326\">\n<p data-start=\"1210\" data-end=\"1326\">Dependiendo del caso, se brinda \u00fanicamente asesoramiento o se inicia una investigaci\u00f3n oficial sobre la seguridad.<\/p>\n<\/li>\n<\/ol>\n<p data-start=\"1328\" data-end=\"1495\"><strong data-start=\"1328\" data-end=\"1340\">Objetivo<\/strong><br data-start=\"1340\" data-end=\"1343\">Veilig Thuis no busca castigar a las personas, sino romper los patrones de violencia y garantizar que todos puedan volver a estar seguros en su hogar.<\/p>\n<\/div>\n<\/div>\n<\/div>\n<\/div>\n","protected":false},"excerpt":{"rendered":"<p>Apoyo, derechos y recursos en los Pa\u00edses Bajos En los Pa\u00edses Bajos existen instancias institucionales y organizaciones que brindan apoyo a personas que viven situaciones de violencia de g\u00e9nero, como servicios sociales, l\u00edneas de ayuda, refugios y organizaciones feministas. Sin embargo, el acceso a estos recursos no siempre es sencillo para las mujeres migrantes, especialmente [&hellip;]<\/p>\n","protected":false},"author":3,"featured_media":0,"parent":2137,"menu_order":0,"comment_status":"closed","ping_status":"closed","template":"","meta":{"bgseo_title":"","bgseo_description":"","bgseo_robots_index":"index","bgseo_robots_follow":"follow","footnotes":""},"class_list":["post-2238","page","type-page","status-publish"],"translation":{"provider":"WPGlobus","version":"3.0.0","language":"nl","enabled_languages":["es","en","nl"],"languages":{"es":{"title":true,"content":true,"excerpt":false},"en":{"title":false,"content":false,"excerpt":false},"nl":{"title":false,"content":false,"excerpt":false}}},"_links":{"self":[{"href":"https:\/\/diasporasolidaria.org\/nl\/wp-json\/wp\/v2\/pages\/2238","targetHints":{"allow":["GET"]}}],"collection":[{"href":"https:\/\/diasporasolidaria.org\/nl\/wp-json\/wp\/v2\/pages"}],"about":[{"href":"https:\/\/diasporasolidaria.org\/nl\/wp-json\/wp\/v2\/types\/page"}],"author":[{"embeddable":true,"href":"https:\/\/diasporasolidaria.org\/nl\/wp-json\/wp\/v2\/users\/3"}],"replies":[{"embeddable":true,"href":"https:\/\/diasporasolidaria.org\/nl\/wp-json\/wp\/v2\/comments?post=2238"}],"version-history":[{"count":4,"href":"https:\/\/diasporasolidaria.org\/nl\/wp-json\/wp\/v2\/pages\/2238\/revisions"}],"predecessor-version":[{"id":2298,"href":"https:\/\/diasporasolidaria.org\/nl\/wp-json\/wp\/v2\/pages\/2238\/revisions\/2298"}],"up":[{"embeddable":true,"href":"https:\/\/diasporasolidaria.org\/nl\/wp-json\/wp\/v2\/pages\/2137"}],"wp:attachment":[{"href":"https:\/\/diasporasolidaria.org\/nl\/wp-json\/wp\/v2\/media?parent=2238"}],"curies":[{"name":"wp","href":"https:\/\/api.w.org\/{rel}","templated":true}]}}