{"id":2204,"date":"2026-02-06T21:18:30","date_gmt":"2026-02-06T20:18:30","guid":{"rendered":"https:\/\/diasporasolidaria.org\/?page_id=2204"},"modified":"2026-02-06T21:26:08","modified_gmt":"2026-02-06T20:26:08","slug":"violencia-de-genero-en-el-mundo","status":"publish","type":"page","link":"https:\/\/diasporasolidaria.org\/nl\/violencia-de-genero\/violencia-de-genero-en-el-mundo\/","title":{"rendered":"Violencia de g\u00e9nero en el mundo"},"content":{"rendered":"<div class=\"boldgrid-section\">\n<div class=\"container\">\n<div class=\"row\">\n<div class=\"col-lg-12 col-md-12 col-xs-12 col-sm-12\">\n<h3 class=\"\"><strong>Violencia de g\u00e9nero en el mundo<\/strong><\/h3>\n<p class=\"\">La violencia de g\u00e9nero es un problema global. A nivel mundial, 1 de cada 3 mujeres ha sufrido violencia f\u00edsica o sexual a lo largo de su vida, generalmente por parte de parejas o exparejas. Esta realidad atraviesa todas las regiones del mundo, independientemente de su nivel de desarrollo econ\u00f3mico o de sus marcos democr\u00e1ticos.<\/p>\n<p>Existe el prejuicio de que la violencia de g\u00e9nero es un problema propio del llamado \u201csur global\u201d, especialmente de Am\u00e9rica Latina, \u00c1frica o Medio Oriente. Sin embargo, cuando se analizan las cifras en relaci\u00f3n con la poblaci\u00f3n y no solo en n\u00fameros absolutos, queda en evidencia que Europa tampoco est\u00e1 libre de esta violencia.<\/p>\n<p class=\"\">Los pa\u00edses europeos, incluidos aquellos considerados avanzados en materia de igualdad de g\u00e9nero, presentan tasas preocupantes de violencia sexual, violencia dom\u00e9stica y asesinatos de mujeres. La diferencia no siempre est\u00e1 en la magnitud del problema, sino en la forma en que se nombra, se registra y se aborda pol\u00edtica y socialmente.<\/p>\n<p class=\"\">Comparar contextos no debe servir para jerarquizar sufrimientos, sino para comprender que la violencia de g\u00e9nero es un fen\u00f3meno estructural que requiere respuestas integrales, sostenidas y con perspectiva de g\u00e9nero en todos los pa\u00edses.<\/p>\n<p>&nbsp;<\/p>\n<p class=\"\"><strong>Importante: diferencias seg\u00fan los contextos legales<\/strong><\/p>\n<p class=\"\">En muchos pa\u00edses de Am\u00e9rica Latina, el concepto de violencia de g\u00e9nero se utiliza de manera amplia para referirse a todas las violencias basadas en g\u00e9nero.<\/p>\n<p>En Espa\u00f1a, en cambio, el t\u00e9rmino \u201cviolencia de g\u00e9nero\u201d tiene un significado jur\u00eddico m\u00e1s restringido, referido espec\u00edficamente a la violencia ejercida por hombres contra sus parejas o exparejas mujeres dentro de una relaci\u00f3n afectiva.<\/p>\n<p>Estas diferencias legales no cambian la realidad de las violencias, pero s\u00ed influyen en c\u00f3mo se nombran, se registran y se abordan institucionalmente.<\/p>\n<\/div>\n<\/div>\n<\/div>\n<\/div>\n","protected":false},"excerpt":{"rendered":"<p>Violencia de g\u00e9nero en el mundo La violencia de g\u00e9nero es un problema global. A nivel mundial, 1 de cada 3 mujeres ha sufrido violencia f\u00edsica o sexual a lo largo de su vida, generalmente por parte de parejas o exparejas. Esta realidad atraviesa todas las regiones del mundo, independientemente de su nivel de desarrollo [&hellip;]<\/p>\n","protected":false},"author":3,"featured_media":0,"parent":2137,"menu_order":0,"comment_status":"closed","ping_status":"closed","template":"","meta":{"bgseo_title":"","bgseo_description":"","bgseo_robots_index":"index","bgseo_robots_follow":"follow","footnotes":""},"class_list":["post-2204","page","type-page","status-publish"],"translation":{"provider":"WPGlobus","version":"3.0.0","language":"nl","enabled_languages":["es","en","nl"],"languages":{"es":{"title":true,"content":true,"excerpt":false},"en":{"title":false,"content":false,"excerpt":false},"nl":{"title":false,"content":false,"excerpt":false}}},"_links":{"self":[{"href":"https:\/\/diasporasolidaria.org\/nl\/wp-json\/wp\/v2\/pages\/2204","targetHints":{"allow":["GET"]}}],"collection":[{"href":"https:\/\/diasporasolidaria.org\/nl\/wp-json\/wp\/v2\/pages"}],"about":[{"href":"https:\/\/diasporasolidaria.org\/nl\/wp-json\/wp\/v2\/types\/page"}],"author":[{"embeddable":true,"href":"https:\/\/diasporasolidaria.org\/nl\/wp-json\/wp\/v2\/users\/3"}],"replies":[{"embeddable":true,"href":"https:\/\/diasporasolidaria.org\/nl\/wp-json\/wp\/v2\/comments?post=2204"}],"version-history":[{"count":4,"href":"https:\/\/diasporasolidaria.org\/nl\/wp-json\/wp\/v2\/pages\/2204\/revisions"}],"predecessor-version":[{"id":2210,"href":"https:\/\/diasporasolidaria.org\/nl\/wp-json\/wp\/v2\/pages\/2204\/revisions\/2210"}],"up":[{"embeddable":true,"href":"https:\/\/diasporasolidaria.org\/nl\/wp-json\/wp\/v2\/pages\/2137"}],"wp:attachment":[{"href":"https:\/\/diasporasolidaria.org\/nl\/wp-json\/wp\/v2\/media?parent=2204"}],"curies":[{"name":"wp","href":"https:\/\/api.w.org\/{rel}","templated":true}]}}