{"id":2168,"date":"2026-02-06T21:03:31","date_gmt":"2026-02-06T20:03:31","guid":{"rendered":"https:\/\/diasporasolidaria.org\/?page_id=2168"},"modified":"2026-02-06T21:03:31","modified_gmt":"2026-02-06T20:03:31","slug":"violencia-psicologica","status":"publish","type":"page","link":"https:\/\/diasporasolidaria.org\/nl\/violencia-psicologica\/","title":{"rendered":"Violencia psicol\u00f3gica"},"content":{"rendered":"<div class=\"boldgrid-section\">\n<div class=\"container\">\n<div class=\"row\">\n<div class=\"col-lg-12 col-md-12 col-xs-12 col-sm-12\">\n<p><strong>Violencia psicol\u00f3gica<\/strong><br \/>\nLa violencia psicol\u00f3gica es una de las formas m\u00e1s frecuentes y menos reconocidas de violencia de g\u00e9nero. No deja marcas f\u00edsicas visibles, pero da\u00f1a profundamente la salud mental, emocional y la autonom\u00eda de las personas. Su objetivo es controlar, humillar, desvalorizar o aislar a la v\u00edctima a trav\u00e9s del miedo, la manipulaci\u00f3n y la intimidaci\u00f3n.<\/p>\n<p class=\"\">A diferencia de la violencia f\u00edsica, suele ser <strong>sutil y progresiva<\/strong>, lo que hace que muchas veces no sea identificada ni por quienes la sufren ni por su entorno.<\/p>\n<p>Esta forma de violencia suele convivir con otras y es una de las principales se\u00f1ales de riesgo en situaciones de violencia grave y feminicidio.<\/p>\n<p class=\"\"><strong>Ejemplos concretos<\/strong><\/p>\n<ul class=\"\">\n<li>Desvalorizaci\u00f3n: insultos, burlas, cr\u00edticas constantes sobre el cuerpo, la inteligencia, la forma de hablar o las opiniones.<\/li>\n<li>Control y aislamiento: vigilancia del celular y redes sociales, prohibici\u00f3n de amistades o restricci\u00f3n del contacto con la familia.<\/li>\n<li>Gaslighting: manipulaci\u00f3n de la realidad para que la v\u00edctima dude de su memoria, percepci\u00f3n o cordura.<\/li>\n<li>Amenazas y chantaje: amenazas de abandono, da\u00f1o f\u00edsico, quitar a hijas o hijos, o incluso suicidio por parte del agresor.<\/li>\n<li>Indiferencia o \u201cley del hielo\u201d: ignorar deliberadamente como forma de castigo emocional.<\/li>\n<\/ul>\n<p class=\"\"><strong>Consecuencias<\/strong><\/p>\n<ul class=\"\">\n<li>Baja autoestima, ansiedad, depresi\u00f3n, estr\u00e9s postraum\u00e1tico.<\/li>\n<li>Problemas de sue\u00f1o, fatiga, somatizaci\u00f3n y en casos graves, pensamientos suicidas.<\/li>\n<li>Puede convivir con otras formas de violencia y ser se\u00f1al de riesgo de feminicidio.<\/li>\n<\/ul>\n<p><strong>Contexto migrante\/legal<\/strong><\/p>\n<ul>\n<li>Especialmente grave en mujeres migrantes aisladas o con barreras ling\u00fc\u00edsticas y culturales.<\/li>\n<\/ul>\n<\/div>\n<\/div>\n<\/div>\n<\/div>\n","protected":false},"excerpt":{"rendered":"<p>Violencia psicol\u00f3gica La violencia psicol\u00f3gica es una de las formas m\u00e1s frecuentes y menos reconocidas de violencia de g\u00e9nero. No deja marcas f\u00edsicas visibles, pero da\u00f1a profundamente la salud mental, emocional y la autonom\u00eda de las personas. Su objetivo es controlar, humillar, desvalorizar o aislar a la v\u00edctima a trav\u00e9s del miedo, la manipulaci\u00f3n y [&hellip;]<\/p>\n","protected":false},"author":3,"featured_media":0,"parent":0,"menu_order":0,"comment_status":"closed","ping_status":"closed","template":"","meta":{"bgseo_title":"","bgseo_description":"","bgseo_robots_index":"","bgseo_robots_follow":"","footnotes":""},"class_list":["post-2168","page","type-page","status-publish"],"translation":{"provider":"WPGlobus","version":"3.0.0","language":"nl","enabled_languages":["es","en","nl"],"languages":{"es":{"title":true,"content":true,"excerpt":false},"en":{"title":false,"content":false,"excerpt":false},"nl":{"title":false,"content":false,"excerpt":false}}},"_links":{"self":[{"href":"https:\/\/diasporasolidaria.org\/nl\/wp-json\/wp\/v2\/pages\/2168","targetHints":{"allow":["GET"]}}],"collection":[{"href":"https:\/\/diasporasolidaria.org\/nl\/wp-json\/wp\/v2\/pages"}],"about":[{"href":"https:\/\/diasporasolidaria.org\/nl\/wp-json\/wp\/v2\/types\/page"}],"author":[{"embeddable":true,"href":"https:\/\/diasporasolidaria.org\/nl\/wp-json\/wp\/v2\/users\/3"}],"replies":[{"embeddable":true,"href":"https:\/\/diasporasolidaria.org\/nl\/wp-json\/wp\/v2\/comments?post=2168"}],"version-history":[{"count":2,"href":"https:\/\/diasporasolidaria.org\/nl\/wp-json\/wp\/v2\/pages\/2168\/revisions"}],"predecessor-version":[{"id":2175,"href":"https:\/\/diasporasolidaria.org\/nl\/wp-json\/wp\/v2\/pages\/2168\/revisions\/2175"}],"wp:attachment":[{"href":"https:\/\/diasporasolidaria.org\/nl\/wp-json\/wp\/v2\/media?parent=2168"}],"curies":[{"name":"wp","href":"https:\/\/api.w.org\/{rel}","templated":true}]}}