{"id":2046,"date":"2026-02-05T17:22:00","date_gmt":"2026-02-05T16:22:00","guid":{"rendered":"https:\/\/diasporasolidaria.org\/?page_id=2046"},"modified":"2026-02-06T20:01:36","modified_gmt":"2026-02-06T19:01:36","slug":"nuestro-trabajo","status":"publish","type":"page","link":"https:\/\/diasporasolidaria.org\/nl\/nuestro-trabajo\/","title":{"rendered":"Nuestro trabajo"},"content":{"rendered":"<div class=\"boldgrid-section\">\n<div class=\"container\">\n<div class=\"row\">\n<div class=\"col-lg-12 col-md-12 col-xs-12 col-sm-12\">\n<p><strong>Nuestro trabajo<\/strong><\/p>\n<p>En la Fundaci\u00f3n Di\u00e1spora Solidaria desarrollamos proyectos, encuentros y talleres colectivos orientados a la defensa de los derechos y al bienestar de mujeres, ni\u00f1eces y disidencias migrantes latinoamericanas en los Pa\u00edses Bajos. Nuestro trabajo se centra en la creaci\u00f3n de comunidades de apoyo y en el fortalecimiento de redes que permitan a nuestra comunidad desenvolverse en su pa\u00eds de acogida sin perder su identidad cultural.<\/p>\n<p class=\"\">Actualmente, existen pocas estad\u00edsticas accesibles y escasa investigaci\u00f3n sobre las problem\u00e1ticas que afectan a mujeres y disidencias migrantes de origen latinoamericano en los Pa\u00edses Bajos. Por esta raz\u00f3n, generamos espacios y herramientas para registrar los desaf\u00edos, necesidades y experiencias de nuestra comunidad, contribuyendo a su reconocimiento social y pol\u00edtico. Asimismo, promovemos el inter\u00e9s de organizaciones, investigadoras e investigadores, y estudiantes universitarios para que desarrollen estudios y proyectos en torno a estas realidades.<\/p>\n<p class=\"\">Asimismo, trabajamos para visibilizar estas problem\u00e1ticas ante la sociedad holandesa y las instituciones gubernamentales, promoviendo el di\u00e1logo, la incidencia y la articulaci\u00f3n con distintos actores. Creemos que fortalecer la autonom\u00eda de mujeres y disidencias migrantes potencia su participaci\u00f3n y sus aportes sociales, culturales y profesionales.<\/p>\n<p class=\"\">Nuestro trabajo se construye desde una perspectiva feminista, comunitaria y de derechos humanos, en di\u00e1logo permanente con las necesidades y demandas de nuestras comunidades.<\/p>\n<p class=\"\">La expresi\u00f3n art\u00edstica y nuestra herencia cultural son herramientas centrales en nuestros encuentros y talleres. A trav\u00e9s del arte promovemos la expresi\u00f3n de emociones y experiencias, el intercambio de historias y el fortalecimiento de los lazos comunitarios. Hemos desarrollado talleres art\u00edsticos \u2014como la creaci\u00f3n de arpilleras y otras pr\u00e1cticas manuales\u2014 que nos permiten recopilar informaci\u00f3n sobre problem\u00e1ticas sociales, al tiempo que fortalecen la organizaci\u00f3n comunitaria y el v\u00ednculo con otras organizaciones migrantes y sociales.<\/p>\n<p class=\"\">Adem\u00e1s, apoyamos de diversas formas iniciativas culturales y solidarias impulsadas por nuestra comunidad, orientadas a mejorar las condiciones sociales, pol\u00edticas y econ\u00f3micas en distintas regiones de Am\u00e9rica Latina. Como comunidad migrante, mantenemos un fuerte v\u00ednculo con nuestros pa\u00edses de origen, y nuestro bienestar emocional est\u00e1 profundamente conectado con el bienestar de nuestras comunidades de origen.<\/p>\n<\/div>\n<\/div>\n<\/div>\n<\/div>\n","protected":false},"excerpt":{"rendered":"<p>Nuestro trabajo En la Fundaci\u00f3n Di\u00e1spora Solidaria desarrollamos proyectos, encuentros y talleres colectivos orientados a la defensa de los derechos y al bienestar de mujeres, ni\u00f1eces y disidencias migrantes latinoamericanas en los Pa\u00edses Bajos. Nuestro trabajo se centra en la creaci\u00f3n de comunidades de apoyo y en el fortalecimiento de redes que permitan a nuestra [&hellip;]<\/p>\n","protected":false},"author":3,"featured_media":0,"parent":0,"menu_order":0,"comment_status":"closed","ping_status":"closed","template":"","meta":{"bgseo_title":"","bgseo_description":"","bgseo_robots_index":"index","bgseo_robots_follow":"follow","footnotes":""},"class_list":["post-2046","page","type-page","status-publish"],"translation":{"provider":"WPGlobus","version":"3.0.0","language":"nl","enabled_languages":["es","en","nl"],"languages":{"es":{"title":true,"content":true,"excerpt":false},"en":{"title":false,"content":false,"excerpt":false},"nl":{"title":false,"content":false,"excerpt":false}}},"_links":{"self":[{"href":"https:\/\/diasporasolidaria.org\/nl\/wp-json\/wp\/v2\/pages\/2046","targetHints":{"allow":["GET"]}}],"collection":[{"href":"https:\/\/diasporasolidaria.org\/nl\/wp-json\/wp\/v2\/pages"}],"about":[{"href":"https:\/\/diasporasolidaria.org\/nl\/wp-json\/wp\/v2\/types\/page"}],"author":[{"embeddable":true,"href":"https:\/\/diasporasolidaria.org\/nl\/wp-json\/wp\/v2\/users\/3"}],"replies":[{"embeddable":true,"href":"https:\/\/diasporasolidaria.org\/nl\/wp-json\/wp\/v2\/comments?post=2046"}],"version-history":[{"count":3,"href":"https:\/\/diasporasolidaria.org\/nl\/wp-json\/wp\/v2\/pages\/2046\/revisions"}],"predecessor-version":[{"id":2135,"href":"https:\/\/diasporasolidaria.org\/nl\/wp-json\/wp\/v2\/pages\/2046\/revisions\/2135"}],"wp:attachment":[{"href":"https:\/\/diasporasolidaria.org\/nl\/wp-json\/wp\/v2\/media?parent=2046"}],"curies":[{"name":"wp","href":"https:\/\/api.w.org\/{rel}","templated":true}]}}