{"id":371,"date":"2026-02-06T18:53:16","date_gmt":"2026-02-06T17:53:16","guid":{"rendered":"https:\/\/diasporasolidaria.org\/?page_id=371"},"modified":"2026-02-06T22:04:45","modified_gmt":"2026-02-06T21:04:45","slug":"quienes-somos","status":"publish","type":"page","link":"https:\/\/diasporasolidaria.org\/en\/acerca-de-la-fundacion\/quienes-somos\/","title":{"rendered":"Quienes somos"},"content":{"rendered":"<div class=\"boldgrid-section\">\n<div class=\"container\">\n<div class=\"row\">\n<div class=\"col-md-12 col-xs-12 col-sm-12 col-lg-12\">\n<div class=\"\">\n<p class=\"\"><strong><img loading=\"lazy\" decoding=\"async\" class=\"size-medium wp-image-401 alignleft\" src=\"https:\/\/diasporasolidaria.org\/wp-content\/uploads\/2021\/06\/IMG_6964-3-225x300.jpg\" alt=\"\" width=\"225\" height=\"300\" srcset=\"https:\/\/diasporasolidaria.org\/wp-content\/uploads\/2021\/06\/IMG_6964-3-225x300.jpg 225w, https:\/\/diasporasolidaria.org\/wp-content\/uploads\/2021\/06\/IMG_6964-3-scaled.jpg 1920w\" sizes=\"auto, (max-width: 225px) 100vw, 225px\" \/><\/strong><\/p>\n<p class=\"\"><strong>M\u00f3nica Barraza Madariaga<\/strong><\/p>\n<p class=\"\">Nac\u00ed en Santiago de Chile, pero hoy vivo en \u00c1msterdam.<\/p>\n<p class=\"\">Soy Administradora P\u00fablica de la Universidad de Chile, con m\u00e1s de 12 a\u00f1os de experiencia en gesti\u00f3n de proyectos y control de gesti\u00f3n en el Sector P\u00fablico chileno, especialmente en las \u00e1reas de Desarrollo Social y Salud P\u00fablica, tambi\u00e9n he sido docente por m\u00e1s de 10 a\u00f1os en las \u00e1reas de Presupuesto y Pol\u00edticas P\u00fablicas de Salud.<\/p>\n<p class=\"\">Hoy me dedico al desarrollo social, apoyando acciones que buscan la equidad, la justicia social y el desarrollo sostenible, as\u00ed como la organizaci\u00f3n social, especialmente en Chile.&nbsp;<\/p>\n<p class=\"\">Creo en el respeto a los Derechos Humanos, en la igualdad de todas las personas y en la urgencia de avanzar sustancialmente en un modelo de desarrollo humano sostenible, que asegurar condiciones de vida m\u00ednima dignas para todas, todos y todes, bajo una estrecha cooperaci\u00f3n entre las personas, las comunidades y el medio ambiente.<\/p>\n<p class=\"\">A trav\u00e9s de la fundaci\u00f3n, quiero contribuir a la integraci\u00f3n y desarrollo efectivos de las mujeres y disidentes migrantes, en Pa\u00edses Bajos, para alcanzar su plena autonom\u00eda, as\u00ed como la igualdad sustantiva de sus Derechos Humanos, especialmente el \u00a1Derecho humano a migrar!<\/p>\n<p class=\"\">&nbsp;<\/p>\n<\/div>\n<\/div>\n<\/div>\n<div class=\"row\" style=\"padding-bottom: 0px;\">\n<div class=\"col-md-12 col-xs-12 col-sm-12 col-lg-12\">\n<div class=\"\">\n<p class=\"\"><img loading=\"lazy\" decoding=\"async\" class=\"size-medium wp-image-402 alignleft\" src=\"https:\/\/diasporasolidaria.org\/wp-content\/uploads\/2021\/06\/WhatsApp-Image-2021-06-08-at-14.45.50-200x300.jpeg\" alt=\"\" width=\"200\" height=\"300\" srcset=\"https:\/\/diasporasolidaria.org\/wp-content\/uploads\/2021\/06\/WhatsApp-Image-2021-06-08-at-14.45.50-200x300.jpeg 200w, https:\/\/diasporasolidaria.org\/wp-content\/uploads\/2021\/06\/WhatsApp-Image-2021-06-08-at-14.45.50-250x375.jpeg 250w, https:\/\/diasporasolidaria.org\/wp-content\/uploads\/2021\/06\/WhatsApp-Image-2021-06-08-at-14.45.50-550x825.jpeg 550w, https:\/\/diasporasolidaria.org\/wp-content\/uploads\/2021\/06\/WhatsApp-Image-2021-06-08-at-14.45.50-120x180.jpeg 120w, https:\/\/diasporasolidaria.org\/wp-content\/uploads\/2021\/06\/WhatsApp-Image-2021-06-08-at-14.45.50-334x500.jpeg 334w, https:\/\/diasporasolidaria.org\/wp-content\/uploads\/2021\/06\/WhatsApp-Image-2021-06-08-at-14.45.50.jpeg 667w\" sizes=\"auto, (max-width: 200px) 100vw, 200px\" \/><\/p>\n<p class=\"\"><strong>Nicole van Baal<\/strong><\/p>\n<p class=\"\">Soy hija de madre chilena y padre holand\u00e9s, y nac\u00ed en \u00c1msterdam. Crec\u00ed en un entorno familiar profundamente comprometido con la solidaridad y la justicia social. Mis padres trabajaron como voluntarios para el Estado holand\u00e9s cuando, tras el golpe militar de 1973, llegaron los primeros refugiados pol\u00edticos chilenos. Desde peque\u00f1a, mi madre me transmiti\u00f3 valores feministas y una fuerte conciencia social, ense\u00f1\u00e1ndome a estar atenta a lo que ocurre en el mundo y a involucrarme activamente para generar cambios positivos desde la sociedad civil.<\/p>\n<p>A los 10 a\u00f1os, durante la dictadura chilena, emigr\u00e9 con mi familia a Santiago de Chile para contribuir al trabajo por la democracia. All\u00ed estudi\u00e9 Econom\u00eda, Comunicaci\u00f3n Social y Periodismo en la Universidad de Santiago y la Universidad de Chile. Durante mis a\u00f1os universitarios particip\u00e9 activamente en espacios de organizaci\u00f3n estudiantil, activismo social y trabajo cultural.<\/p>\n<p class=\"\">Tras vivir 19 a\u00f1os en Chile, regres\u00e9 a los Pa\u00edses Bajos y experiment\u00e9 en primera persona las dificultades de la integraci\u00f3n como persona migrante, incluso hablando el idioma. Mis estudios y experiencia profesional no siempre fueron reconocidos, y el choque cultural y administrativo me permiti\u00f3 comprender lo complejo que puede ser adaptarse a un nuevo pa\u00eds sin redes de apoyo ni conocimiento del sistema. Esta vivencia profundiz\u00f3 mi sensibilidad frente a las desigualdades que enfrentan muchas personas migrantes.<\/p>\n<p class=\"\">Al mismo tiempo, el hecho de ser holandesa y dominar el idioma me hizo tomar conciencia de la ventaja que tuve frente a otras personas migrantes que no cuentan con esas herramientas. Desde ah\u00ed surge en m\u00ed una fuerte responsabilidad de aportar y acompa\u00f1ar a quienes enfrentan mayores barreras de acceso, informaci\u00f3n y comprensi\u00f3n del sistema.<\/p>\n<p class=\"\">A partir de esta experiencia, me involucr\u00e9 en la creaci\u00f3n de redes de apoyo para la comunidad migrante chilena y latinoamericana, ofreciendo orientaci\u00f3n en temas de migraci\u00f3n y educaci\u00f3n. Paralelamente, trabaj\u00e9 en distintos cargos administrativos con estudiantes internacionales en instituciones de educaci\u00f3n superior en \u00c1msterdam, lo que me permiti\u00f3 comprender mejor el funcionamiento del sistema y del Estado. M\u00e1s adelante, decid\u00ed que a trav\u00e9s de una fundaci\u00f3n hab\u00eda mayor posibilidad de desarrollar proyectos colectivos m\u00e1s sostenibles y con mayor impacto social.<\/p>\n<p>Como persona binacional, holandesa y chilena, siento la responsabilidad y la motivaci\u00f3n de aportar desde ambas culturas, promoviendo iniciativas orientadas a la defensa de los derechos humanos, la justicia social, la creaci\u00f3n de conciencia cr\u00edtica y el fortalecimiento del tejido comunitario.<\/p>\n<p class=\"\">Creo firmemente que toda persona tiene derecho a emigrar y que, cuando existen condiciones reales para desarrollarse plenamente sin tener que renunciar a su identidad cultural, las personas migrantes pueden contribuir de manera significativa tanto a sus sociedades de acogida como a sus pa\u00edses de origen.<\/p>\n<p class=\"\">&nbsp;<\/p>\n<\/div>\n<\/div>\n<\/div>\n<\/div>\n<\/div>\n<div class=\"boldgrid-section\">\n<div class=\"container\">\n<div class=\"row\" style=\"padding-bottom: 1px;\">\n<div class=\"col-md-12 col-xs-12 col-sm-12 col-lg-12\">\n<div class=\"\">\n<p class=\"\">&nbsp;<\/p>\n<p class=\"\">&nbsp;<\/p>\n<\/div>\n<\/div>\n<\/div>\n<\/div>\n<\/div>\n","protected":false},"excerpt":{"rendered":"<p>M\u00f3nica Barraza Madariaga Nac\u00ed en Santiago de Chile, pero hoy vivo en \u00c1msterdam. Soy Administradora P\u00fablica de la Universidad de Chile, con m\u00e1s de 12 a\u00f1os de experiencia en gesti\u00f3n de proyectos y control de gesti\u00f3n en el Sector P\u00fablico chileno, especialmente en las \u00e1reas de Desarrollo Social y Salud P\u00fablica, tambi\u00e9n he sido docente [&hellip;]<\/p>\n","protected":false},"author":5,"featured_media":0,"parent":2269,"menu_order":0,"comment_status":"closed","ping_status":"closed","template":"","meta":{"bgseo_title":"","bgseo_description":"","bgseo_robots_index":"index","bgseo_robots_follow":"follow","footnotes":""},"class_list":["post-371","page","type-page","status-publish"],"translation":{"provider":"WPGlobus","version":"3.0.0","language":"en","enabled_languages":["es","en","nl"],"languages":{"es":{"title":true,"content":true,"excerpt":false},"en":{"title":false,"content":false,"excerpt":false},"nl":{"title":false,"content":false,"excerpt":false}}},"_links":{"self":[{"href":"https:\/\/diasporasolidaria.org\/en\/wp-json\/wp\/v2\/pages\/371","targetHints":{"allow":["GET"]}}],"collection":[{"href":"https:\/\/diasporasolidaria.org\/en\/wp-json\/wp\/v2\/pages"}],"about":[{"href":"https:\/\/diasporasolidaria.org\/en\/wp-json\/wp\/v2\/types\/page"}],"author":[{"embeddable":true,"href":"https:\/\/diasporasolidaria.org\/en\/wp-json\/wp\/v2\/users\/5"}],"replies":[{"embeddable":true,"href":"https:\/\/diasporasolidaria.org\/en\/wp-json\/wp\/v2\/comments?post=371"}],"version-history":[{"count":8,"href":"https:\/\/diasporasolidaria.org\/en\/wp-json\/wp\/v2\/pages\/371\/revisions"}],"predecessor-version":[{"id":2274,"href":"https:\/\/diasporasolidaria.org\/en\/wp-json\/wp\/v2\/pages\/371\/revisions\/2274"}],"up":[{"embeddable":true,"href":"https:\/\/diasporasolidaria.org\/en\/wp-json\/wp\/v2\/pages\/2269"}],"wp:attachment":[{"href":"https:\/\/diasporasolidaria.org\/en\/wp-json\/wp\/v2\/media?parent=371"}],"curies":[{"name":"wp","href":"https:\/\/api.w.org\/{rel}","templated":true}]}}