{"id":2269,"date":"2026-02-06T22:01:33","date_gmt":"2026-02-06T21:01:33","guid":{"rendered":"https:\/\/diasporasolidaria.org\/?page_id=2269"},"modified":"2026-02-06T22:28:00","modified_gmt":"2026-02-06T21:28:00","slug":"acerca-de-la-fundacion","status":"publish","type":"page","link":"https:\/\/diasporasolidaria.org\/en\/acerca-de-la-fundacion\/","title":{"rendered":"Acerca de la Fundaci\u00f3n"},"content":{"rendered":"<div class=\"boldgrid-section\">\n<div class=\"container\">\n<div class=\"row\">\n<div class=\"col-lg-12 col-md-12 col-xs-12 col-sm-12\">\n<h3 class=\"\"><strong>Acerca de la Fundaci\u00f3n<\/strong><\/h3>\n<p>La Fundaci\u00f3n Di\u00e1spora Solidaria es una organizaci\u00f3n feminista sin fines de lucro. Trabajamos por la defensa de los derechos humanos y el fortalecimiento de la autonom\u00eda de mujeres y disidencias migrantes de origen latinoamericano e hispanohablante, tanto en los Pa\u00edses Bajos como en nuestros pa\u00edses de origen.<\/p>\n<p>Nos organizamos para construir comunidad y crear espacios seguros donde las personas migrantes puedan desarrollarse plenamente sin perder su identidad cultural. Acompa\u00f1amos a nuestra comunidad frente a los m\u00faltiples desaf\u00edos que atraviesan los procesos migratorios, como la discriminaci\u00f3n, la exclusi\u00f3n, las barreras institucionales, la precariedad laboral, el acceso limitado a derechos y las distintas formas de violencia. Desde una perspectiva colectiva, buscamos transformar estas realidades promoviendo la igualdad, la justicia social, la autonom\u00eda y la dignidad humana.<\/p>\n<p>Funcionamos como un colectivo basado en la participaci\u00f3n democr\u00e1tica, el respeto por la diversidad de experiencias, saberes y trayectorias, y el reconocimiento de nuestras identidades como una fuente de fuerza pol\u00edtica y comunitaria. Valoramos la construcci\u00f3n colectiva, el cuidado mutuo y la solidaridad como pilares de nuestro trabajo.<\/p>\n<p>Consideramos el arte y la cultura como dimensiones fundamentales de nuestra identidad migrante y como herramientas de expresi\u00f3n, memoria, resistencia y activismo, presentes de manera transversal en nuestras acciones.<\/p>\n<p>Compartimos la experiencia de migrar en contextos desiguales. Como mujeres migrantes, hemos atravesado procesos motivados por razones humanitarias, econ\u00f3micas, familiares, estudiantiles y pol\u00edticas. Desde esa experiencia com\u00fan, construimos redes de apoyo y resistencia con el objetivo de mejorar nuestras condiciones de vida y contribuir activamente a nuestras comunidades de origen y de acogida.<\/p>\n<p class=\"\">Sostenemos, como principio irrenunciable, que <strong>migrar es un derecho humano.<\/strong><\/p>\n<\/div>\n<\/div>\n<\/div>\n<\/div>\n","protected":false},"excerpt":{"rendered":"<p>Acerca de la Fundaci\u00f3n La Fundaci\u00f3n Di\u00e1spora Solidaria es una organizaci\u00f3n feminista sin fines de lucro. Trabajamos por la defensa de los derechos humanos y el fortalecimiento de la autonom\u00eda de mujeres y disidencias migrantes de origen latinoamericano e hispanohablante, tanto en los Pa\u00edses Bajos como en nuestros pa\u00edses de origen. Nos organizamos para construir [&hellip;]<\/p>\n","protected":false},"author":3,"featured_media":0,"parent":0,"menu_order":0,"comment_status":"closed","ping_status":"closed","template":"","meta":{"bgseo_title":"","bgseo_description":"","bgseo_robots_index":"index","bgseo_robots_follow":"follow","footnotes":""},"class_list":["post-2269","page","type-page","status-publish"],"translation":{"provider":"WPGlobus","version":"3.0.0","language":"en","enabled_languages":["es","en","nl"],"languages":{"es":{"title":true,"content":true,"excerpt":false},"en":{"title":false,"content":false,"excerpt":false},"nl":{"title":false,"content":false,"excerpt":false}}},"_links":{"self":[{"href":"https:\/\/diasporasolidaria.org\/en\/wp-json\/wp\/v2\/pages\/2269","targetHints":{"allow":["GET"]}}],"collection":[{"href":"https:\/\/diasporasolidaria.org\/en\/wp-json\/wp\/v2\/pages"}],"about":[{"href":"https:\/\/diasporasolidaria.org\/en\/wp-json\/wp\/v2\/types\/page"}],"author":[{"embeddable":true,"href":"https:\/\/diasporasolidaria.org\/en\/wp-json\/wp\/v2\/users\/3"}],"replies":[{"embeddable":true,"href":"https:\/\/diasporasolidaria.org\/en\/wp-json\/wp\/v2\/comments?post=2269"}],"version-history":[{"count":10,"href":"https:\/\/diasporasolidaria.org\/en\/wp-json\/wp\/v2\/pages\/2269\/revisions"}],"predecessor-version":[{"id":2294,"href":"https:\/\/diasporasolidaria.org\/en\/wp-json\/wp\/v2\/pages\/2269\/revisions\/2294"}],"wp:attachment":[{"href":"https:\/\/diasporasolidaria.org\/en\/wp-json\/wp\/v2\/media?parent=2269"}],"curies":[{"name":"wp","href":"https:\/\/api.w.org\/{rel}","templated":true}]}}