{"id":2243,"date":"2026-02-06T21:43:00","date_gmt":"2026-02-06T20:43:00","guid":{"rendered":"https:\/\/diasporasolidaria.org\/?page_id=2243"},"modified":"2026-02-06T21:50:16","modified_gmt":"2026-02-06T20:50:16","slug":"nuestra-mirada-y-nuestras-demandas","status":"publish","type":"page","link":"https:\/\/diasporasolidaria.org\/en\/violencia-de-genero\/nuestra-mirada-y-nuestras-demandas\/","title":{"rendered":"Nuestra mirada y nuestras demandas"},"content":{"rendered":"<div class=\"boldgrid-section\">\n<div class=\"container\">\n<div class=\"row\" style=\"padding-bottom: 0px;\">\n<div class=\"col-lg-12 col-md-12 col-xs-12 col-sm-12\">\n<h3 class=\"\" data-start=\"188\" data-end=\"228\"><strong data-start=\"188\" data-end=\"226\">Nuestra mirada y nuestras demandas<\/strong><\/h3>\n<p data-start=\"230\" data-end=\"446\">Como fundaci\u00f3n feminista integrada por mujeres migrantes, no solo informamos sobre la violencia de g\u00e9nero, sino que tambi\u00e9n asumimos una posici\u00f3n pol\u00edtica cr\u00edtica frente a las respuestas institucionales existentes.<\/p>\n<p data-start=\"448\" data-end=\"465\"><strong data-start=\"448\" data-end=\"463\">Demandamos:<\/strong><\/p>\n<ul class=\"\" data-start=\"466\" data-end=\"933\">\n<li data-start=\"466\" data-end=\"526\">\n<p data-start=\"468\" data-end=\"526\">Reconocimiento legal del feminicidio en el C\u00f3digo Penal.<\/p>\n<\/li>\n<li data-start=\"527\" data-end=\"608\">\n<p data-start=\"529\" data-end=\"608\">Recopilaci\u00f3n de datos desagregados por g\u00e9nero, origen y situaci\u00f3n migratoria.<\/p>\n<\/li>\n<li data-start=\"609\" data-end=\"671\">\n<p data-start=\"611\" data-end=\"671\">Pol\u00edticas p\u00fablicas con enfoque feminista e interseccional.<\/p>\n<\/li>\n<li data-start=\"672\" data-end=\"763\">\n<p data-start=\"674\" data-end=\"763\">Formaci\u00f3n obligatoria en violencia de g\u00e9nero para funcionarias y funcionarios p\u00fablicos.<\/p>\n<\/li>\n<li data-start=\"764\" data-end=\"820\">\n<p data-start=\"766\" data-end=\"820\">Campa\u00f1as de sensibilizaci\u00f3n sostenidas y accesibles.<\/p>\n<\/li>\n<li data-start=\"821\" data-end=\"933\">\n<p data-start=\"823\" data-end=\"933\">Garant\u00edas reales de acceso a derechos y protecci\u00f3n para mujeres migrantes, independientemente de su estatus.<\/p>\n<\/li>\n<\/ul>\n<p data-start=\"935\" data-end=\"1100\">Creemos que solo reconociendo la violencia de g\u00e9nero en todas sus dimensiones ser\u00e1 posible avanzar hacia una sociedad m\u00e1s justa, igualitaria y libre de violencias.<\/p>\n<div class=\"row bg-editor-hr-wrap\">\n<div class=\"col-lg-12 col-md-12 col-xs-12 col-sm-12\">\n<hr data-start=\"1102\" data-end=\"1105\">\n<\/div>\n<\/div>\n<h4 data-start=\"1107\" data-end=\"1143\"><strong data-start=\"1107\" data-end=\"1141\">La labor de Di\u00e1spora Solidaria<\/strong><\/h4>\n<p class=\"\" data-start=\"1145\" data-end=\"1513\">Dentro de los recursos limitados de nuestra fundaci\u00f3n \u2014pocas voluntarias\u2014 intentamos <strong data-start=\"1230\" data-end=\"1310\">registrar y visibilizar casos de violencia y feminicidio en los Pa\u00edses Bajos<\/strong>, especialmente aquellos que afectan a mujeres migrantes. Este esfuerzo es esencial para complementar los datos oficiales y generar conciencia sobre la violencia de g\u00e9nero en contextos invisibilizados.<\/p>\n<p data-start=\"1515\" data-end=\"2012\">Consideramos que deben implementarse <strong data-start=\"1552\" data-end=\"1595\">campa\u00f1as de sensibilizaci\u00f3n m\u00e1s fuertes<\/strong>, que permitan reconocer las se\u00f1ales de los diferentes tipos de violencia en medios de comunicaci\u00f3n, colegios e instituciones de educaci\u00f3n superior. Adem\u00e1s, <strong data-start=\"1752\" data-end=\"1786\">organizaciones gubernamentales<\/strong> como la polic\u00eda, Safe Home y otros servicios deben contar con m\u00e1s personal capacitado y programas de formaci\u00f3n especializados, para poder detectar, intervenir y acompa\u00f1ar adecuadamente a las v\u00edctimas de violencia de g\u00e9nero.<\/p>\n<p>&nbsp;<\/p>\n<\/div>\n<\/div>\n<\/div>\n<\/div>\n","protected":false},"excerpt":{"rendered":"<p>Nuestra mirada y nuestras demandas Como fundaci\u00f3n feminista integrada por mujeres migrantes, no solo informamos sobre la violencia de g\u00e9nero, sino que tambi\u00e9n asumimos una posici\u00f3n pol\u00edtica cr\u00edtica frente a las respuestas institucionales existentes. Demandamos: Reconocimiento legal del feminicidio en el C\u00f3digo Penal. Recopilaci\u00f3n de datos desagregados por g\u00e9nero, origen y situaci\u00f3n migratoria. Pol\u00edticas p\u00fablicas [&hellip;]<\/p>\n","protected":false},"author":3,"featured_media":0,"parent":2137,"menu_order":0,"comment_status":"closed","ping_status":"closed","template":"","meta":{"bgseo_title":"","bgseo_description":"","bgseo_robots_index":"index","bgseo_robots_follow":"follow","footnotes":""},"class_list":["post-2243","page","type-page","status-publish"],"translation":{"provider":"WPGlobus","version":"3.0.0","language":"en","enabled_languages":["es","en","nl"],"languages":{"es":{"title":true,"content":true,"excerpt":false},"en":{"title":false,"content":false,"excerpt":false},"nl":{"title":false,"content":false,"excerpt":false}}},"_links":{"self":[{"href":"https:\/\/diasporasolidaria.org\/en\/wp-json\/wp\/v2\/pages\/2243","targetHints":{"allow":["GET"]}}],"collection":[{"href":"https:\/\/diasporasolidaria.org\/en\/wp-json\/wp\/v2\/pages"}],"about":[{"href":"https:\/\/diasporasolidaria.org\/en\/wp-json\/wp\/v2\/types\/page"}],"author":[{"embeddable":true,"href":"https:\/\/diasporasolidaria.org\/en\/wp-json\/wp\/v2\/users\/3"}],"replies":[{"embeddable":true,"href":"https:\/\/diasporasolidaria.org\/en\/wp-json\/wp\/v2\/comments?post=2243"}],"version-history":[{"count":6,"href":"https:\/\/diasporasolidaria.org\/en\/wp-json\/wp\/v2\/pages\/2243\/revisions"}],"predecessor-version":[{"id":2250,"href":"https:\/\/diasporasolidaria.org\/en\/wp-json\/wp\/v2\/pages\/2243\/revisions\/2250"}],"up":[{"embeddable":true,"href":"https:\/\/diasporasolidaria.org\/en\/wp-json\/wp\/v2\/pages\/2137"}],"wp:attachment":[{"href":"https:\/\/diasporasolidaria.org\/en\/wp-json\/wp\/v2\/media?parent=2243"}],"curies":[{"name":"wp","href":"https:\/\/api.w.org\/{rel}","templated":true}]}}