{"id":2234,"date":"2026-02-06T21:41:06","date_gmt":"2026-02-06T20:41:06","guid":{"rendered":"https:\/\/diasporasolidaria.org\/?page_id=2234"},"modified":"2026-02-06T21:41:12","modified_gmt":"2026-02-06T20:41:12","slug":"mujeres-migrantes-y-violencia-de-genero","status":"publish","type":"page","link":"https:\/\/diasporasolidaria.org\/en\/violencia-de-genero\/mujeres-migrantes-y-violencia-de-genero\/","title":{"rendered":"Mujeres migrantes y violencia de g\u00e9nero"},"content":{"rendered":"<div class=\"boldgrid-section\">\n<div class=\"container\">\n<div class=\"row\">\n<div class=\"col-lg-12 col-md-12 col-xs-12 col-sm-12\">\n<h3 class=\"\"><strong>Mujeres migrantes y violencia de g\u00e9nero<\/strong><\/h3>\n<p>La violencia de g\u00e9nero que viven las mujeres migrantes, en particular las latinoamericanas, sigue siendo un fen\u00f3meno <strong>poco investigado y escasamente visibilizado<\/strong> en los Pa\u00edses Bajos. No existen estad\u00edsticas p\u00fablicas suficientes que permitan dimensionar la magnitud ni las caracter\u00edsticas espec\u00edficas de esta violencia.<\/p>\n<p>Esta falta de datos <strong>no es neutral<\/strong>: contribuye a invisibilizar las experiencias de las mujeres migrantes y dificulta el dise\u00f1o de pol\u00edticas p\u00fablicas con un <strong>enfoque interseccional<\/strong>.<\/p>\n<p class=\"\">Para muchas mujeres migrantes, enfrentar la violencia de g\u00e9nero implica <strong>obst\u00e1culos adicionales<\/strong>. La distancia con sus familias y redes de apoyo, las barreras idiom\u00e1ticas y culturales, el desconocimiento del sistema institucional y, en algunos casos, la dependencia econ\u00f3mica o el estatus migratorio, hacen que la situaci\u00f3n sea doblemente compleja.<\/p>\n<p class=\"\">Desde nuestra experiencia comunitaria, hemos recibido <strong>testimonios de mujeres que enfrentan prejuicios y discriminaci\u00f3n<\/strong> al buscar ayuda. Por ejemplo:<\/p>\n<ul class=\"\">\n<li>Se espera que puedan explicar su situaci\u00f3n en holand\u00e9s, aunque muchas veces esto resulta dif\u00edcil debido a la violencia que sufren y a la carga familiar (hijos o hijas a cargo).<\/li>\n<li>Existen estereotipos que las retratan como \u201cintensas\u201d o \u201cexageradas\u201d.<\/li>\n<li>Se cuestiona su motivaci\u00f3n para migrar, con comentarios como que se casaron con un hombre holand\u00e9s solo para obtener permisos de residencia.<\/li>\n<li>Hay poca empat\u00eda o comprensi\u00f3n del contexto migrante, lo que a veces genera <strong>complicidad o indiferencia<\/strong> por parte de funcionarios cuando el agresor es holand\u00e9s.<\/li>\n<\/ul>\n<p>Adem\u00e1s, muchas mujeres migrantes sufren <strong>violencia econ\u00f3mica<\/strong>, al depender de sus parejas para subsistir, aun cuando en sus pa\u00edses de origen eran profesionales. Otras experimentan <strong>violencia psicol\u00f3gica<\/strong>, marcada por el aislamiento, la humillaci\u00f3n y el control coercitivo, lo que afecta profundamente su autonom\u00eda y autoestima.<\/p>\n<\/div>\n<\/div>\n<\/div>\n<\/div>\n","protected":false},"excerpt":{"rendered":"<p>Mujeres migrantes y violencia de g\u00e9nero La violencia de g\u00e9nero que viven las mujeres migrantes, en particular las latinoamericanas, sigue siendo un fen\u00f3meno poco investigado y escasamente visibilizado en los Pa\u00edses Bajos. No existen estad\u00edsticas p\u00fablicas suficientes que permitan dimensionar la magnitud ni las caracter\u00edsticas espec\u00edficas de esta violencia. Esta falta de datos no es [&hellip;]<\/p>\n","protected":false},"author":3,"featured_media":0,"parent":2137,"menu_order":0,"comment_status":"closed","ping_status":"closed","template":"","meta":{"bgseo_title":"","bgseo_description":"","bgseo_robots_index":"index","bgseo_robots_follow":"follow","footnotes":""},"class_list":["post-2234","page","type-page","status-publish"],"translation":{"provider":"WPGlobus","version":"3.0.0","language":"en","enabled_languages":["es","en","nl"],"languages":{"es":{"title":true,"content":true,"excerpt":false},"en":{"title":false,"content":false,"excerpt":false},"nl":{"title":false,"content":false,"excerpt":false}}},"_links":{"self":[{"href":"https:\/\/diasporasolidaria.org\/en\/wp-json\/wp\/v2\/pages\/2234","targetHints":{"allow":["GET"]}}],"collection":[{"href":"https:\/\/diasporasolidaria.org\/en\/wp-json\/wp\/v2\/pages"}],"about":[{"href":"https:\/\/diasporasolidaria.org\/en\/wp-json\/wp\/v2\/types\/page"}],"author":[{"embeddable":true,"href":"https:\/\/diasporasolidaria.org\/en\/wp-json\/wp\/v2\/users\/3"}],"replies":[{"embeddable":true,"href":"https:\/\/diasporasolidaria.org\/en\/wp-json\/wp\/v2\/comments?post=2234"}],"version-history":[{"count":2,"href":"https:\/\/diasporasolidaria.org\/en\/wp-json\/wp\/v2\/pages\/2234\/revisions"}],"predecessor-version":[{"id":2237,"href":"https:\/\/diasporasolidaria.org\/en\/wp-json\/wp\/v2\/pages\/2234\/revisions\/2237"}],"up":[{"embeddable":true,"href":"https:\/\/diasporasolidaria.org\/en\/wp-json\/wp\/v2\/pages\/2137"}],"wp:attachment":[{"href":"https:\/\/diasporasolidaria.org\/en\/wp-json\/wp\/v2\/media?parent=2234"}],"curies":[{"name":"wp","href":"https:\/\/api.w.org\/{rel}","templated":true}]}}