{"id":2219,"date":"2026-02-06T21:30:26","date_gmt":"2026-02-06T20:30:26","guid":{"rendered":"https:\/\/diasporasolidaria.org\/?page_id=2219"},"modified":"2026-02-06T21:43:36","modified_gmt":"2026-02-06T20:43:36","slug":"situacion-en-los-paises-bajos","status":"publish","type":"page","link":"https:\/\/diasporasolidaria.org\/en\/violencia-de-genero\/situacion-en-los-paises-bajos\/","title":{"rendered":"Situaci\u00f3n en los Pa\u00edses Bajos"},"content":{"rendered":"<div class=\"boldgrid-section\">\n<div class=\"container\">\n<div class=\"row\">\n<div class=\"col-lg-12 col-md-12 col-xs-12 col-sm-12\">\n<h3 class=\"\"><strong>Situaci\u00f3n en los Pa\u00edses Bajos<\/strong><\/h3>\n<p class=\"\">A menudo, los Pa\u00edses Bajos son presentados como un pa\u00eds modelo en materia de igualdad de g\u00e9nero. Sin embargo, la violencia contra las mujeres sigue siendo un problema grave y persistente, que no siempre recibe la atenci\u00f3n pol\u00edtica, medi\u00e1tica y social que merece.<\/p>\n<p class=\"\">En este pa\u00eds, las mujeres se ven afectadas de manera desproporcionada por la violencia f\u00edsica, sexual y psicol\u00f3gica, especialmente en el \u00e1mbito dom\u00e9stico y en relaciones de pareja o expareja. En 2024, el 9\u202f% de la poblaci\u00f3n mayor de 16 a\u00f1os report\u00f3 haber sufrido violencia dom\u00e9stica, lo que equivale a m\u00e1s de 1,3 millones de personas (CBS\/WODC, 2024). La violencia sexual afecta a alrededor de 1,7 millones de personas, con j\u00f3venes especialmente vulnerables: el 24,1\u202f% de las chicas entre 16 y 18 a\u00f1os report\u00f3 haber sido v\u00edctima (CBS\/WODC, 2024). Seg\u00fan la Gender Equality Index 2025, el 41\u202f% de las mujeres neerlandesas ha experimentado violencia f\u00edsica o sexual desde los 15 a\u00f1os, cifra superior al promedio de la UE, que es del 31\u202f% (Gender Equality Index, 2025).<\/p>\n<p>&nbsp;<\/p>\n<h4><strong>El enfoque neutral y la invisibilizaci\u00f3n del problema<\/strong><\/h4>\n<p class=\"\">Durante a\u00f1os, la violencia de g\u00e9nero fue abordada desde un <strong>enfoque neutral<\/strong>, es decir, se hablaba de la violencia en general sin especificar ni reconocer que las mujeres son v\u00edctimas <strong>por el hecho de ser mujeres<\/strong>. Este enfoque ignora las desigualdades estructurales entre g\u00e9neros y dificulta la implementaci\u00f3n de pol\u00edticas espec\u00edficas para prevenir y sancionar la violencia de g\u00e9nero.<\/p>\n<p class=\"\">Como consecuencia, muchas formas de violencia han sido trivializadas o naturalizadas, tanto en los medios de comunicaci\u00f3n como en el discurso institucional. El enfoque neutral tambi\u00e9n tiene un efecto concreto: <strong>no se registran los feminicidios como un tipo espec\u00edfico de delito<\/strong>, lo que contribuye a la falta de conciencia sobre la magnitud del problema en la sociedad.<\/p>\n<p class=\"\">El feminicidio representa solo la <strong>punta del iceberg<\/strong>: detr\u00e1s de cada muerte hay muchas mujeres que han sufrido violencia grave, con heridas f\u00edsicas, psicol\u00f3gicas y econ\u00f3micas, y que sobreviven a situaciones extremas. Reconocer la violencia de g\u00e9nero como un fen\u00f3meno estructural es clave para visibilizar la realidad, generar conciencia y actuar de manera efectiva.<\/p>\n<p class=\"\">&nbsp;<\/p>\n<h4 class=\"\"><strong>Feminicidio: violencia extrema sin tipificaci\u00f3n legal<\/strong><\/h4>\n<p class=\"\">Cada a\u00f1o se producen entre 40 y 50 asesinatos de mujeres en los Pa\u00edses Bajos, y casi la mitad de las v\u00edctimas son asesinadas por su pareja o expareja. Sin embargo, estos cr\u00edmenes no se registran oficialmente como feminicidios, ya que no existe una figura legal espec\u00edfica que reconozca esta forma extrema de violencia de g\u00e9nero.<\/p>\n<p class=\"\">Existe un <strong>registro acad\u00e9mico en la Universidad de Leiden<\/strong> que recopila casos de feminicidio, pero debido a la ley de privacidad, muchas veces no se publican los nombres de las v\u00edctimas. Esto limita el impacto social de la informaci\u00f3n: los n\u00fameros fr\u00edos no logran mostrar la historia humana detr\u00e1s de cada caso. Nombrar a las v\u00edctimas y visibilizar sus historias no es un af\u00e1n sensacionalista, sino una forma de <strong>humanizar el problema<\/strong>, generar conciencia social y reconocer la dimensi\u00f3n estructural y mis\u00f3gina de estos cr\u00edmenes.<\/p>\n<p class=\"\">En 2024, de 120 homicidios registrados, 36 fueron mujeres, de las cuales al menos 17 fueron asesinadas por su pareja o expareja. En 2025, el total de homicidios disminuy\u00f3 a 99, con 36 v\u00edctimas mujeres, al menos 17 por violencia de pareja (WODC, 2024\u20132025).<\/p>\n<p class=\"\">&nbsp;<\/p>\n<h4><strong>Avances recientes y deudas pendientes<\/strong><\/h4>\n<p class=\"\">En los \u00faltimos a\u00f1os se han producido avances legislativos importantes:<\/p>\n<ul class=\"\">\n<li>En 2024 se modific\u00f3 la legislaci\u00f3n sobre violaci\u00f3n, estableciendo que el consentimiento es el elemento central, y ya no es necesario demostrar el uso de la fuerza.<\/li>\n<li>Se penaliz\u00f3 el acoso sexual en espacios p\u00fablicos y digitales.<\/li>\n<li>El gobierno present\u00f3 el Plan de Acci\u00f3n \u201c\u00a1No m\u00e1s feminicidios!\u201d, con medidas de detecci\u00f3n temprana y coordinaci\u00f3n institucional.<\/li>\n<\/ul>\n<p class=\"\">No obstante, la difusi\u00f3n de estas iniciativas ha sido limitada y no existe una estrategia sostenida de sensibilizaci\u00f3n p\u00fablica. A\u00fan quedan pendientes cuestiones fundamentales:<\/p>\n<ul class=\"\">\n<li>No se reconoce el feminicidio como delito espec\u00edfico en el C\u00f3digo Penal.<\/li>\n<li>La violencia psicol\u00f3gica, una de las principales se\u00f1ales de riesgo en casos graves, <strong>todav\u00eda no est\u00e1 tipificada expl\u00edcitamente<\/strong>, aunque se trabaja en un proyecto de ley.<\/li>\n<li>La falta de un registro nacional de feminicidios accesible dificulta conocer la magnitud real del problema.<\/li>\n<\/ul>\n<h4>&nbsp;<\/h4>\n<p class=\"\">&nbsp;<\/p>\n<\/div>\n<\/div>\n<\/div>\n<\/div>\n","protected":false},"excerpt":{"rendered":"<p>Situaci\u00f3n en los Pa\u00edses Bajos A menudo, los Pa\u00edses Bajos son presentados como un pa\u00eds modelo en materia de igualdad de g\u00e9nero. Sin embargo, la violencia contra las mujeres sigue siendo un problema grave y persistente, que no siempre recibe la atenci\u00f3n pol\u00edtica, medi\u00e1tica y social que merece. En este pa\u00eds, las mujeres se ven [&hellip;]<\/p>\n","protected":false},"author":3,"featured_media":0,"parent":2137,"menu_order":0,"comment_status":"closed","ping_status":"closed","template":"","meta":{"bgseo_title":"","bgseo_description":"","bgseo_robots_index":"index","bgseo_robots_follow":"follow","footnotes":""},"class_list":["post-2219","page","type-page","status-publish"],"translation":{"provider":"WPGlobus","version":"3.0.0","language":"en","enabled_languages":["es","en","nl"],"languages":{"es":{"title":true,"content":true,"excerpt":false},"en":{"title":false,"content":false,"excerpt":false},"nl":{"title":false,"content":false,"excerpt":false}}},"_links":{"self":[{"href":"https:\/\/diasporasolidaria.org\/en\/wp-json\/wp\/v2\/pages\/2219","targetHints":{"allow":["GET"]}}],"collection":[{"href":"https:\/\/diasporasolidaria.org\/en\/wp-json\/wp\/v2\/pages"}],"about":[{"href":"https:\/\/diasporasolidaria.org\/en\/wp-json\/wp\/v2\/types\/page"}],"author":[{"embeddable":true,"href":"https:\/\/diasporasolidaria.org\/en\/wp-json\/wp\/v2\/users\/3"}],"replies":[{"embeddable":true,"href":"https:\/\/diasporasolidaria.org\/en\/wp-json\/wp\/v2\/comments?post=2219"}],"version-history":[{"count":10,"href":"https:\/\/diasporasolidaria.org\/en\/wp-json\/wp\/v2\/pages\/2219\/revisions"}],"predecessor-version":[{"id":2248,"href":"https:\/\/diasporasolidaria.org\/en\/wp-json\/wp\/v2\/pages\/2219\/revisions\/2248"}],"up":[{"embeddable":true,"href":"https:\/\/diasporasolidaria.org\/en\/wp-json\/wp\/v2\/pages\/2137"}],"wp:attachment":[{"href":"https:\/\/diasporasolidaria.org\/en\/wp-json\/wp\/v2\/media?parent=2219"}],"curies":[{"name":"wp","href":"https:\/\/api.w.org\/{rel}","templated":true}]}}