{"id":2191,"date":"2026-02-06T21:09:49","date_gmt":"2026-02-06T20:09:49","guid":{"rendered":"https:\/\/diasporasolidaria.org\/?page_id=2191"},"modified":"2026-02-06T21:09:49","modified_gmt":"2026-02-06T20:09:49","slug":"violencia-simbolica","status":"publish","type":"page","link":"https:\/\/diasporasolidaria.org\/en\/violencia-simbolica\/","title":{"rendered":"Violencia simb\u00f3lica"},"content":{"rendered":"<div class=\"boldgrid-section\">\n<div class=\"container\">\n<div class=\"row\">\n<div class=\"col-lg-12 col-md-12 col-xs-12 col-sm-12\">\n<p class=\"\"><strong>Violencia simb\u00f3lica<\/strong><br \/>\nLa violencia simb\u00f3lica se expresa a trav\u00e9s de mensajes, im\u00e1genes, discursos, representaciones y pr\u00e1cticas culturales que refuerzan la desigualdad, la subordinaci\u00f3n y los estereotipos de g\u00e9nero. A diferencia de otras formas de violencia, suele pasar desapercibida porque est\u00e1 profundamente normalizada en la sociedad.<\/p>\n<p>Esta forma de violencia construye una idea de c\u00f3mo \u201cdeben ser\u201d las mujeres y las disidencias: cuerpos delgados, j\u00f3venes, sexualizados, disponibles, obedientes, cuidadoras y silenciosas. Se las valora principalmente por su apariencia f\u00edsica y su capacidad de agradar, mientras se deslegitiman sus opiniones, saberes y autonom\u00eda.<\/p>\n<p>Esta forma de violencia no solo afecta la autoestima y la percepci\u00f3n que las mujeres tienen de s\u00ed mismas, sino que <strong>naturaliza la dominaci\u00f3n masculina<\/strong> y legitima otras formas de violencia, como la psicol\u00f3gica, la sexual y la econ\u00f3mica. Por ello, cuestionar la violencia simb\u00f3lica es fundamental para transformar las ra\u00edces culturales de la violencia de g\u00e9nero.<\/p>\n<p><strong>Ejemplos concretos<\/strong><\/p>\n<ul>\n<li>La representaci\u00f3n de las mujeres como objetos sexuales en la&nbsp; publicidad, los medios y las redes sociales.<\/li>\n<li>La presi\u00f3n constante por cumplir con ideales de belleza irreales, como la delgadez extrema, la juventud permanente o la hipersexualizaci\u00f3n<\/li>\n<li>Los mensajes que asocian valor de la mujer solo a su rol de madre, pareja o cuidadora.<\/li>\n<li>El lenguaje sexista, los chistes machistas y la normalizaci\u00f3n del acoso.<\/li>\n<li>La invisibilizaci\u00f3n o minimizaci\u00f3n de la violencia contra las mujeres en los medios de comunicaci\u00f3n.<\/li>\n<\/ul>\n<p><strong>Consecuencias<\/strong><\/p>\n<ul>\n<li>Afecta autoestima y percepci\u00f3n que tienen de s\u00ed misma.<\/li>\n<li>Refuerza violencia psicol\u00f3gica, sexual y econ\u00f3mica.<\/li>\n<\/ul>\n<p><strong>Contexto migrante\/legal<\/strong><\/p>\n<ul>\n<li>Refuerza percepciones discriminatorias hacia mujeres migrantes.<\/li>\n<\/ul>\n<\/div>\n<\/div>\n<\/div>\n<\/div>\n","protected":false},"excerpt":{"rendered":"<p>Violencia simb\u00f3lica La violencia simb\u00f3lica se expresa a trav\u00e9s de mensajes, im\u00e1genes, discursos, representaciones y pr\u00e1cticas culturales que refuerzan la desigualdad, la subordinaci\u00f3n y los estereotipos de g\u00e9nero. A diferencia de otras formas de violencia, suele pasar desapercibida porque est\u00e1 profundamente normalizada en la sociedad. Esta forma de violencia construye una idea de c\u00f3mo \u201cdeben [&hellip;]<\/p>\n","protected":false},"author":3,"featured_media":0,"parent":0,"menu_order":0,"comment_status":"closed","ping_status":"closed","template":"","meta":{"bgseo_title":"","bgseo_description":"","bgseo_robots_index":"","bgseo_robots_follow":"","footnotes":""},"class_list":["post-2191","page","type-page","status-publish"],"translation":{"provider":"WPGlobus","version":"3.0.0","language":"en","enabled_languages":["es","en","nl"],"languages":{"es":{"title":true,"content":true,"excerpt":false},"en":{"title":false,"content":false,"excerpt":false},"nl":{"title":false,"content":false,"excerpt":false}}},"_links":{"self":[{"href":"https:\/\/diasporasolidaria.org\/en\/wp-json\/wp\/v2\/pages\/2191","targetHints":{"allow":["GET"]}}],"collection":[{"href":"https:\/\/diasporasolidaria.org\/en\/wp-json\/wp\/v2\/pages"}],"about":[{"href":"https:\/\/diasporasolidaria.org\/en\/wp-json\/wp\/v2\/types\/page"}],"author":[{"embeddable":true,"href":"https:\/\/diasporasolidaria.org\/en\/wp-json\/wp\/v2\/users\/3"}],"replies":[{"embeddable":true,"href":"https:\/\/diasporasolidaria.org\/en\/wp-json\/wp\/v2\/comments?post=2191"}],"version-history":[{"count":2,"href":"https:\/\/diasporasolidaria.org\/en\/wp-json\/wp\/v2\/pages\/2191\/revisions"}],"predecessor-version":[{"id":2194,"href":"https:\/\/diasporasolidaria.org\/en\/wp-json\/wp\/v2\/pages\/2191\/revisions\/2194"}],"wp:attachment":[{"href":"https:\/\/diasporasolidaria.org\/en\/wp-json\/wp\/v2\/media?parent=2191"}],"curies":[{"name":"wp","href":"https:\/\/api.w.org\/{rel}","templated":true}]}}