{"id":2160,"date":"2026-02-06T21:01:17","date_gmt":"2026-02-06T20:01:17","guid":{"rendered":"https:\/\/diasporasolidaria.org\/?page_id=2160"},"modified":"2026-02-06T21:19:27","modified_gmt":"2026-02-06T20:19:27","slug":"violencia-sexual","status":"publish","type":"page","link":"https:\/\/diasporasolidaria.org\/en\/violencia-sexual\/","title":{"rendered":"Violencia sexual"},"content":{"rendered":"<div class=\"boldgrid-section\">\n<div class=\"container\">\n<div class=\"row\">\n<div class=\"col-lg-12 col-md-12 col-xs-12 col-sm-12\">\n<p class=\"\"><strong>Violencia sexual<\/strong><br \/>\nLa violencia sexual incluye acoso, abuso sexual y violaci\u00f3n. Se produce cuando una persona es obligada, presionada o manipulada para realizar actos sexuales sin su consentimiento libre y expl\u00edcito, independientemente de la relaci\u00f3n existente entre agresor y v\u00edctima. Puede ocurrir dentro o fuera de la pareja, en el \u00e1mbito familiar, laboral, educativo o en espacios p\u00fablicos y digitales.<\/p>\n<p>Puede ocurrir dentro o fuera de la pareja, en el \u00e1mbito familiar, laboral, educativo o en espacios p\u00fablicos y digitales.<\/p>\n<p>El consentimiento debe ser <strong>claro, voluntario y reversible<\/strong>. La ausencia de resistencia f\u00edsica, el silencio o el miedo no constituyen consentimiento. Tampoco existe consentimiento cuando la persona se encuentra bajo los efectos del alcohol u otras sustancias, cuando hay coerci\u00f3n emocional, amenazas, dependencia econ\u00f3mica o una relaci\u00f3n de poder desigual.<\/p>\n<p><strong>Ejemplos concretos<\/strong><\/p>\n<ul>\n<li>Acoso sexual: comentarios, insinuaciones, gestos o comportamientos de car\u00e1cter sexual no deseados, en espacios f\u00edsicos y digitales.<\/li>\n<li>Abuso sexual: actos sexuales sin consentimiento, aprovechando vulnerabilidad o dependencia.<\/li>\n<li>Violaci\u00f3n: acto sexual sin consentimiento, incluso cuando no hay uso de fuerza f\u00edsica.<\/li>\n<\/ul>\n<p><strong>Consecuencias<\/strong><\/p>\n<ul>\n<li>Culpa, verg\u00fcenza, miedo, traumas f\u00edsicos y psicol\u00f3gicos duraderos.<\/li>\n<\/ul>\n<p><strong>Contexto migrante\/legal<\/strong><\/p>\n<ul>\n<li>Consentimiento afectado por coerci\u00f3n econ\u00f3mica o cultural.<\/li>\n<li>Legislaci\u00f3n reciente en Pa\u00edses Bajos reconoce violaci\u00f3n sin fuerza como delito.<\/li>\n<\/ul>\n<\/div>\n<\/div>\n<\/div>\n<\/div>\n","protected":false},"excerpt":{"rendered":"<p>Violencia sexual La violencia sexual incluye acoso, abuso sexual y violaci\u00f3n. Se produce cuando una persona es obligada, presionada o manipulada para realizar actos sexuales sin su consentimiento libre y expl\u00edcito, independientemente de la relaci\u00f3n existente entre agresor y v\u00edctima. Puede ocurrir dentro o fuera de la pareja, en el \u00e1mbito familiar, laboral, educativo o [&hellip;]<\/p>\n","protected":false},"author":3,"featured_media":0,"parent":0,"menu_order":0,"comment_status":"closed","ping_status":"closed","template":"","meta":{"bgseo_title":"","bgseo_description":"","bgseo_robots_index":"index","bgseo_robots_follow":"follow","footnotes":""},"class_list":["post-2160","page","type-page","status-publish"],"translation":{"provider":"WPGlobus","version":"3.0.0","language":"en","enabled_languages":["es","en","nl"],"languages":{"es":{"title":true,"content":true,"excerpt":false},"en":{"title":false,"content":false,"excerpt":false},"nl":{"title":false,"content":false,"excerpt":false}}},"_links":{"self":[{"href":"https:\/\/diasporasolidaria.org\/en\/wp-json\/wp\/v2\/pages\/2160","targetHints":{"allow":["GET"]}}],"collection":[{"href":"https:\/\/diasporasolidaria.org\/en\/wp-json\/wp\/v2\/pages"}],"about":[{"href":"https:\/\/diasporasolidaria.org\/en\/wp-json\/wp\/v2\/types\/page"}],"author":[{"embeddable":true,"href":"https:\/\/diasporasolidaria.org\/en\/wp-json\/wp\/v2\/users\/3"}],"replies":[{"embeddable":true,"href":"https:\/\/diasporasolidaria.org\/en\/wp-json\/wp\/v2\/comments?post=2160"}],"version-history":[{"count":2,"href":"https:\/\/diasporasolidaria.org\/en\/wp-json\/wp\/v2\/pages\/2160\/revisions"}],"predecessor-version":[{"id":2203,"href":"https:\/\/diasporasolidaria.org\/en\/wp-json\/wp\/v2\/pages\/2160\/revisions\/2203"}],"wp:attachment":[{"href":"https:\/\/diasporasolidaria.org\/en\/wp-json\/wp\/v2\/media?parent=2160"}],"curies":[{"name":"wp","href":"https:\/\/api.w.org\/{rel}","templated":true}]}}