{"id":2116,"date":"2026-02-06T20:03:01","date_gmt":"2026-02-06T19:03:01","guid":{"rendered":"https:\/\/diasporasolidaria.org\/?page_id=2116"},"modified":"2026-02-06T20:37:35","modified_gmt":"2026-02-06T19:37:35","slug":"actividades-realizadas","status":"publish","type":"page","link":"https:\/\/diasporasolidaria.org\/en\/nuestro-trabajo\/actividades-realizadas\/","title":{"rendered":"Actividades realizadas"},"content":{"rendered":"<div class=\"boldgrid-section\">\n<div class=\"container\">\n<div class=\"row\">\n<div class=\"col-lg-12 col-md-12 col-xs-12 col-sm-12\">\n<h3 data-start=\"284\" data-end=\"314\"><strong data-start=\"288\" data-end=\"314\">Actividades realizadas<\/strong><\/h3>\n<p class=\"\" data-start=\"316\" data-end=\"670\">La Fundaci\u00f3n Di\u00e1spora Solidaria ha organizado diversos proyectos, talleres, encuentros, conversatorios y actividades culturales. Colaboramos con colectivos como <strong data-start=\"477\" data-end=\"503\">Chile Despert\u00f3 Holanda<\/strong> y <strong data-start=\"506\" data-end=\"521\">Warmi K\u00fcyen<\/strong>, as\u00ed como con <strong data-start=\"536\" data-end=\"573\">Minerva \u2013 Casa Migrante \u00c1msterdam<\/strong>, en eventos del <strong data-start=\"590\" data-end=\"623\">D\u00eda Internacional de la Mujer<\/strong> y del <strong data-start=\"630\" data-end=\"667\">D\u00eda Contra la Violencia de G\u00e9nero<\/strong>.<\/p>\n<div class=\"row bg-editor-hr-wrap\">\n<div class=\"col-lg-12 col-md-12 col-xs-12 col-sm-12\">\n<hr data-start=\"672\" data-end=\"675\">\n<\/div>\n<\/div>\n<h4 data-start=\"677\" data-end=\"696\"><strong data-start=\"682\" data-end=\"694\">Talleres<\/strong><\/h4>\n<p class=\"\" data-start=\"698\" data-end=\"801\"><strong data-start=\"698\" data-end=\"799\">Taller textil \u201cArpilleras latinoamericanas: historias textiles por la paz y los derechos humanos\u201d<\/strong><\/p>\n<ul class=\"\" data-start=\"802\" data-end=\"985\">\n<li data-start=\"802\" data-end=\"840\">\n<p data-start=\"804\" data-end=\"840\"><strong data-start=\"804\" data-end=\"838\">2023 \u2013 \u00c1msterdam, Pa\u00edses Bajos<\/strong><\/p>\n<\/li>\n<li data-start=\"841\" data-end=\"938\">\n<p data-start=\"843\" data-end=\"938\">Introducci\u00f3n a la t\u00e9cnica de la arpillera como medio de expresi\u00f3n, memoria y denuncia social.<\/p>\n<\/li>\n<li data-start=\"939\" data-end=\"985\">\n<p data-start=\"941\" data-end=\"985\"><strong data-start=\"941\" data-end=\"950\">Tema:<\/strong> Derechos humanos, memoria y paz.<\/p>\n<\/li>\n<\/ul>\n<p data-start=\"987\" data-end=\"1050\"><strong data-start=\"987\" data-end=\"1048\">Taller de arpilleras para mujeres y disidencias migrantes<\/strong><\/p>\n<ul class=\"\" data-start=\"1051\" data-end=\"1233\">\n<li data-start=\"1051\" data-end=\"1089\">\n<p data-start=\"1053\" data-end=\"1089\"><strong data-start=\"1053\" data-end=\"1087\">2021 \u2013 \u00c1msterdam, Pa\u00edses Bajos<\/strong><\/p>\n<\/li>\n<li data-start=\"1090\" data-end=\"1180\">\n<p data-start=\"1092\" data-end=\"1180\">Taller introductorio a la arpillera como herramienta de expresi\u00f3n y memoria colectiva.<\/p>\n<\/li>\n<li data-start=\"1181\" data-end=\"1233\">\n<p data-start=\"1183\" data-end=\"1233\"><strong data-start=\"1183\" data-end=\"1192\">Tema:<\/strong> Memoria, migraci\u00f3n y derechos humanos.<\/p>\n<\/li>\n<\/ul>\n<p data-start=\"1235\" data-end=\"1274\"><strong data-start=\"1235\" data-end=\"1272\">Taller de Hatha Yoga \u201cYoga Mujer\u201d<\/strong><\/p>\n<ul data-start=\"1275\" data-end=\"1422\">\n<li data-start=\"1275\" data-end=\"1313\">\n<p data-start=\"1277\" data-end=\"1313\"><strong data-start=\"1277\" data-end=\"1311\">2021 \u2013 \u00c1msterdam, Pa\u00edses Bajos<\/strong><\/p>\n<\/li>\n<li data-start=\"1314\" data-end=\"1378\">\n<p data-start=\"1316\" data-end=\"1378\">Encuentro de autocuidado y bienestar para mujeres migrantes.<\/p>\n<\/li>\n<li data-start=\"1379\" data-end=\"1422\">\n<p data-start=\"1381\" data-end=\"1422\"><strong data-start=\"1381\" data-end=\"1390\">Tema:<\/strong> Autocuidado y salud integral.<\/p>\n<\/li>\n<\/ul>\n<p data-start=\"1424\" data-end=\"1511\"><strong data-start=\"1424\" data-end=\"1509\">Taller de Danza Afrolatina para Mujeres \u201cFlow y Cadencia, un viaje decolonizador\u201d<\/strong><\/p>\n<ul class=\"\" data-start=\"1512\" data-end=\"1671\">\n<li data-start=\"1512\" data-end=\"1550\">\n<p data-start=\"1514\" data-end=\"1550\"><strong data-start=\"1514\" data-end=\"1548\">2021 \u2013 \u00c1msterdam, Pa\u00edses Bajos<\/strong><\/p>\n<\/li>\n<li data-start=\"1551\" data-end=\"1625\">\n<p data-start=\"1553\" data-end=\"1625\">Espacio de danza consciente y movimiento desde las ra\u00edces afrolatinas.<\/p>\n<\/li>\n<li data-start=\"1626\" data-end=\"1671\">\n<p data-start=\"1628\" data-end=\"1671\"><strong data-start=\"1628\" data-end=\"1637\">Tema:<\/strong> Cuerpo, danza y decolonialidad.<\/p>\n<\/li>\n<\/ul>\n<p data-start=\"1673\" data-end=\"1731\"><strong data-start=\"1673\" data-end=\"1729\">Taller \u201cContra toda violencia patriarcal: Pa\u00f1uelazo\u201d<\/strong><\/p>\n<ul data-start=\"1732\" data-end=\"1919\">\n<li data-start=\"1732\" data-end=\"1770\">\n<p data-start=\"1734\" data-end=\"1770\"><strong data-start=\"1734\" data-end=\"1768\">2021 \u2013 \u00c1msterdam, Pa\u00edses Bajos<\/strong><\/p>\n<\/li>\n<li data-start=\"1771\" data-end=\"1874\">\n<p data-start=\"1773\" data-end=\"1874\">Encuentro textil conmemorativo en el D\u00eda Internacional de la Eliminaci\u00f3n de la Violencia de G\u00e9nero.<\/p>\n<\/li>\n<li data-start=\"1875\" data-end=\"1919\">\n<p data-start=\"1877\" data-end=\"1919\"><strong data-start=\"1877\" data-end=\"1886\">Tema:<\/strong> Violencia de g\u00e9nero y memoria.<\/p>\n<\/li>\n<\/ul>\n<p data-start=\"1921\" data-end=\"1961\"><strong data-start=\"1921\" data-end=\"1959\">Taller textil \u201cHilando Libertades\u201d<\/strong><\/p>\n<ul class=\"\" data-start=\"1962\" data-end=\"2139\">\n<li data-start=\"1962\" data-end=\"2000\">\n<p data-start=\"1964\" data-end=\"2000\"><strong data-start=\"1964\" data-end=\"1998\">2020 \u2013 \u00c1msterdam, Pa\u00edses Bajos<\/strong><\/p>\n<\/li>\n<li data-start=\"2001\" data-end=\"2095\">\n<p data-start=\"2003\" data-end=\"2095\">Creaci\u00f3n textil colectiva en preparaci\u00f3n para la marcha del D\u00eda Internacional de la Mujer.<\/p>\n<\/li>\n<li data-start=\"2096\" data-end=\"2139\">\n<p data-start=\"2098\" data-end=\"2139\"><strong data-start=\"2098\" data-end=\"2107\">Tema:<\/strong> Feminismo y acci\u00f3n colectiva.<\/p>\n<\/li>\n<\/ul>\n<div class=\"row bg-editor-hr-wrap\">\n<div class=\"col-lg-12 col-md-12 col-xs-12 col-sm-12\">\n<hr data-start=\"2141\" data-end=\"2144\">\n<\/div>\n<\/div>\n<h4 data-start=\"2146\" data-end=\"2184\"><strong data-start=\"2151\" data-end=\"2182\">Encuentros y conversatorios<\/strong><\/h4>\n<p data-start=\"2186\" data-end=\"2250\"><strong data-start=\"2186\" data-end=\"2248\">Juntanza Migrante: tejiendo lazos y compartiendo historias<\/strong><\/p>\n<ul data-start=\"2251\" data-end=\"2457\">\n<li data-start=\"2251\" data-end=\"2289\">\n<p data-start=\"2253\" data-end=\"2289\"><strong data-start=\"2253\" data-end=\"2287\">2022 \u2013 \u00c1msterdam, Pa\u00edses Bajos<\/strong><\/p>\n<\/li>\n<li data-start=\"2290\" data-end=\"2397\">\n<p data-start=\"2292\" data-end=\"2397\">Encuentro de mujeres y disidencias migrantes para reflexionar sobre integraci\u00f3n y participaci\u00f3n social.<\/p>\n<\/li>\n<li data-start=\"2398\" data-end=\"2457\">\n<p data-start=\"2400\" data-end=\"2457\"><strong data-start=\"2400\" data-end=\"2409\">Tema:<\/strong> Migraci\u00f3n, g\u00e9nero y organizaci\u00f3n comunitaria.<\/p>\n<\/li>\n<\/ul>\n<p data-start=\"2459\" data-end=\"2534\"><strong data-start=\"2459\" data-end=\"2532\">Conversatorio \u201cViolencia contra las mujeres\u201d \u2013 Programa Linkse Liefde<\/strong><\/p>\n<ul data-start=\"2535\" data-end=\"2742\">\n<li data-start=\"2535\" data-end=\"2562\">\n<p data-start=\"2537\" data-end=\"2562\"><strong data-start=\"2537\" data-end=\"2560\">2021 \u2013 Pa\u00edses Bajos<\/strong><\/p>\n<\/li>\n<li data-start=\"2563\" data-end=\"2698\">\n<p data-start=\"2565\" data-end=\"2698\">Presentaci\u00f3n sobre la situaci\u00f3n actual de la violencia de g\u00e9nero en Latinoam\u00e9rica y la historia de movilizaciones en el continente.<\/p>\n<\/li>\n<li data-start=\"2699\" data-end=\"2742\">\n<p data-start=\"2701\" data-end=\"2742\"><strong data-start=\"2701\" data-end=\"2710\">Tema:<\/strong> Violencia contra las mujeres.<\/p>\n<\/li>\n<\/ul>\n<p data-start=\"2744\" data-end=\"2854\"><strong data-start=\"2744\" data-end=\"2852\">Conversatorio \u201cDesaf\u00edos y propuestas desde las pr\u00e1cticas feministas para la Nueva Constituci\u00f3n de Chile\u201d<\/strong><\/p>\n<ul data-start=\"2855\" data-end=\"3050\">\n<li data-start=\"2855\" data-end=\"2899\">\n<p data-start=\"2857\" data-end=\"2899\"><strong data-start=\"2857\" data-end=\"2897\">2021 \u2013 Online (Chile \/ Pa\u00edses Bajos)<\/strong><\/p>\n<\/li>\n<li data-start=\"2900\" data-end=\"3001\">\n<p data-start=\"2902\" data-end=\"3001\">Reflexi\u00f3n colectiva con mujeres feministas sobre el proceso constituyente chileno y sus desaf\u00edos.<\/p>\n<\/li>\n<li data-start=\"3002\" data-end=\"3050\">\n<p data-start=\"3004\" data-end=\"3050\"><strong data-start=\"3004\" data-end=\"3013\">Tema:<\/strong> Feminismo y proceso constituyente.<\/p>\n<\/li>\n<\/ul>\n<p data-start=\"3052\" data-end=\"3142\"><strong data-start=\"3052\" data-end=\"3140\">Encuentro Virtual \u201cMujeres lideresas por un futuro igualitario en contexto COVID-19\u201d<\/strong><\/p>\n<ul data-start=\"3143\" data-end=\"3332\">\n<li data-start=\"3143\" data-end=\"3175\">\n<p data-start=\"3145\" data-end=\"3175\"><strong data-start=\"3145\" data-end=\"3173\">2021 \u2013 Online, \u00c1msterdam<\/strong><\/p>\n<\/li>\n<li data-start=\"3176\" data-end=\"3278\">\n<p data-start=\"3178\" data-end=\"3278\">Conversatorio organizado por Casa Migrante \u00c1msterdam sobre liderazgo feminista y derechos humanos.<\/p>\n<\/li>\n<li data-start=\"3279\" data-end=\"3332\">\n<p data-start=\"3281\" data-end=\"3332\"><strong data-start=\"3281\" data-end=\"3290\">Tema:<\/strong> Liderazgo feminista y derechos humanos.<\/p>\n<\/li>\n<\/ul>\n<p data-start=\"3334\" data-end=\"3396\"><strong data-start=\"3334\" data-end=\"3394\">Conversatorio \u201cFeminismos y Nueva Constituci\u00f3n en Chile\u201d<\/strong><\/p>\n<ul data-start=\"3397\" data-end=\"3567\">\n<li data-start=\"3397\" data-end=\"3441\">\n<p data-start=\"3399\" data-end=\"3441\"><strong data-start=\"3399\" data-end=\"3439\">2020 \u2013 Online (Chile \/ Pa\u00edses Bajos)<\/strong><\/p>\n<\/li>\n<li data-start=\"3442\" data-end=\"3518\">\n<p data-start=\"3444\" data-end=\"3518\">Conversatorio sobre proceso constituyente chileno y demandas feministas.<\/p>\n<\/li>\n<li data-start=\"3519\" data-end=\"3567\">\n<p data-start=\"3521\" data-end=\"3567\"><strong data-start=\"3521\" data-end=\"3530\">Tema:<\/strong> Feminismo y proceso constituyente.<\/p>\n<\/li>\n<\/ul>\n<div class=\"row bg-editor-hr-wrap\">\n<div class=\"col-lg-12 col-md-12 col-xs-12 col-sm-12\">\n<hr data-start=\"3569\" data-end=\"3572\">\n<\/div>\n<\/div>\n<h4 data-start=\"3574\" data-end=\"3607\"><strong data-start=\"3579\" data-end=\"3605\">Actividades culturales<\/strong><\/h4>\n<p class=\"\" data-start=\"3609\" data-end=\"3667\"><strong data-start=\"3609\" data-end=\"3665\">Encuentro cultural \u201cChile 50 a\u00f1os: Memoria Presente\u201d<\/strong><\/p>\n<ul data-start=\"3668\" data-end=\"3833\">\n<li data-start=\"3668\" data-end=\"3695\">\n<p data-start=\"3670\" data-end=\"3695\"><strong data-start=\"3670\" data-end=\"3693\">2023 \u2013 Pa\u00edses Bajos<\/strong><\/p>\n<\/li>\n<li data-start=\"3696\" data-end=\"3787\">\n<p data-start=\"3698\" data-end=\"3787\">Conmemoraci\u00f3n de los 50 a\u00f1os del golpe de Estado en Chile y la migraci\u00f3n de refugiados.<\/p>\n<\/li>\n<li data-start=\"3788\" data-end=\"3833\">\n<p data-start=\"3790\" data-end=\"3833\"><strong data-start=\"3790\" data-end=\"3799\">Tema:<\/strong> Memoria, cultura y solidaridad.<\/p>\n<\/li>\n<\/ul>\n<p data-start=\"3835\" data-end=\"3919\"><strong data-start=\"3835\" data-end=\"3917\">Encuentro solidario en apoyo a v\u00edctimas de incendios en Vi\u00f1a del Mar y Quilpu\u00e9<\/strong><\/p>\n<ul class=\"\" data-start=\"3920\" data-end=\"4103\">\n<li data-start=\"3920\" data-end=\"3947\">\n<p data-start=\"3922\" data-end=\"3947\"><strong data-start=\"3922\" data-end=\"3945\">2023 \u2013 Pa\u00edses Bajos<\/strong><\/p>\n<\/li>\n<li data-start=\"3948\" data-end=\"4056\">\n<p data-start=\"3950\" data-end=\"4056\">Acci\u00f3n comunitaria de solidaridad internacional frente a la emergencia humanitaria en Valpara\u00edso, Chile.<\/p>\n<\/li>\n<li data-start=\"4057\" data-end=\"4103\">\n<p data-start=\"4059\" data-end=\"4103\"><strong data-start=\"4059\" data-end=\"4068\">Tema:<\/strong> Solidaridad y apoyo comunitario.<\/p>\n<\/li>\n<\/ul>\n<p data-start=\"4105\" data-end=\"4176\"><strong data-start=\"4105\" data-end=\"4174\">Encuentro Literario Infantil \u201cCuentacuentos y creaci\u00f3n colectiva\u201d<\/strong><\/p>\n<ul data-start=\"4177\" data-end=\"4382\">\n<li data-start=\"4177\" data-end=\"4215\">\n<p data-start=\"4179\" data-end=\"4215\"><strong data-start=\"4179\" data-end=\"4213\">2021 \u2013 \u00c1msterdam, Pa\u00edses Bajos<\/strong><\/p>\n<\/li>\n<li data-start=\"4216\" data-end=\"4312\">\n<p data-start=\"4218\" data-end=\"4312\">Apoyo a la edici\u00f3n de un libro pop-up infantil sobre ollas comunes y valores de solidaridad.<\/p>\n<\/li>\n<li data-start=\"4313\" data-end=\"4382\">\n<p data-start=\"4315\" data-end=\"4382\"><strong data-start=\"4315\" data-end=\"4324\">Tema:<\/strong> Solidaridad comunitaria, educaci\u00f3n y derechos sociales.<\/p>\n<\/li>\n<\/ul>\n<div class=\"row bg-editor-hr-wrap\">\n<div class=\"col-lg-12 col-md-12 col-xs-12 col-sm-12\">\n<hr data-start=\"4384\" data-end=\"4387\">\n<\/div>\n<\/div>\n<h4 class=\"\" data-start=\"4389\" data-end=\"4423\"><strong data-start=\"4394\" data-end=\"4421\">Proyectos de incidencia<\/strong><\/h4>\n<p class=\"\" data-start=\"4670\" data-end=\"4717\"><strong data-start=\"4670\" data-end=\"4715\">Colaboraci\u00f3n documental \u201cRetazos M\u00f3viles\u201d<\/strong><\/p>\n<ul class=\"\" data-start=\"4718\" data-end=\"4938\">\n<li data-start=\"4718\" data-end=\"4745\">\n<p data-start=\"4720\" data-end=\"4745\"><strong data-start=\"4720\" data-end=\"4743\">2025 \u2013 Pa\u00edses Bajos<\/strong><\/p>\n<\/li>\n<li data-start=\"4746\" data-end=\"4878\">\n<p data-start=\"4748\" data-end=\"4878\">Documental de mujeres latinoamericanas en Pa\u00edses Bajos que combina stop-motion y arpilleras para explorar migraci\u00f3n y comunidad.<\/p>\n<\/li>\n<li data-start=\"4879\" data-end=\"4938\">\n<p data-start=\"4881\" data-end=\"4938\"><strong data-start=\"4881\" data-end=\"4890\">Tema:<\/strong> Migraci\u00f3n, identidad y narrativas marginadas.<\/p>\n<\/li>\n<\/ul>\n<p data-start=\"4425\" data-end=\"4486\"><strong data-start=\"4425\" data-end=\"4484\">\u201c50 a\u00f1os, 50 arpilleras\u201d \u2013 Proyecto textil y de memoria<\/strong><\/p>\n<ul class=\"\" data-start=\"4487\" data-end=\"4668\">\n<li data-start=\"4487\" data-end=\"4514\">\n<p data-start=\"4489\" data-end=\"4514\"><strong data-start=\"4489\" data-end=\"4512\">2023 \u2013 Pa\u00edses Bajos<\/strong><\/p>\n<\/li>\n<li data-start=\"4515\" data-end=\"4615\">\n<p data-start=\"4517\" data-end=\"4615\">Proyecto colectivo de memoria migrante y derechos humanos con proyecci\u00f3n en espacios culturales.<\/p>\n<\/li>\n<li data-start=\"4616\" data-end=\"4668\">\n<p data-start=\"4618\" data-end=\"4668\"><strong data-start=\"4618\" data-end=\"4627\">Tema:<\/strong> Memoria, migraci\u00f3n y derechos humanos.<\/p>\n<\/li>\n<\/ul>\n<ul class=\"\" data-start=\"4718\" data-end=\"4938\">\n<li data-start=\"4879\" data-end=\"4938\">\n<p data-start=\"4881\" data-end=\"4938\">&nbsp;<\/p>\n<\/li>\n<\/ul>\n<\/div>\n<\/div>\n<\/div>\n<\/div>\n","protected":false},"excerpt":{"rendered":"<p>Actividades realizadas La Fundaci\u00f3n Di\u00e1spora Solidaria ha organizado diversos proyectos, talleres, encuentros, conversatorios y actividades culturales. Colaboramos con colectivos como Chile Despert\u00f3 Holanda y Warmi K\u00fcyen, as\u00ed como con Minerva \u2013 Casa Migrante \u00c1msterdam, en eventos del D\u00eda Internacional de la Mujer y del D\u00eda Contra la Violencia de G\u00e9nero. Talleres Taller textil \u201cArpilleras latinoamericanas: [&hellip;]<\/p>\n","protected":false},"author":3,"featured_media":0,"parent":2046,"menu_order":0,"comment_status":"closed","ping_status":"closed","template":"","meta":{"bgseo_title":"","bgseo_description":"","bgseo_robots_index":"index","bgseo_robots_follow":"follow","footnotes":""},"class_list":["post-2116","page","type-page","status-publish"],"translation":{"provider":"WPGlobus","version":"3.0.0","language":"en","enabled_languages":["es","en","nl"],"languages":{"es":{"title":true,"content":true,"excerpt":false},"en":{"title":false,"content":false,"excerpt":false},"nl":{"title":false,"content":false,"excerpt":false}}},"_links":{"self":[{"href":"https:\/\/diasporasolidaria.org\/en\/wp-json\/wp\/v2\/pages\/2116","targetHints":{"allow":["GET"]}}],"collection":[{"href":"https:\/\/diasporasolidaria.org\/en\/wp-json\/wp\/v2\/pages"}],"about":[{"href":"https:\/\/diasporasolidaria.org\/en\/wp-json\/wp\/v2\/types\/page"}],"author":[{"embeddable":true,"href":"https:\/\/diasporasolidaria.org\/en\/wp-json\/wp\/v2\/users\/3"}],"replies":[{"embeddable":true,"href":"https:\/\/diasporasolidaria.org\/en\/wp-json\/wp\/v2\/comments?post=2116"}],"version-history":[{"count":3,"href":"https:\/\/diasporasolidaria.org\/en\/wp-json\/wp\/v2\/pages\/2116\/revisions"}],"predecessor-version":[{"id":2134,"href":"https:\/\/diasporasolidaria.org\/en\/wp-json\/wp\/v2\/pages\/2116\/revisions\/2134"}],"up":[{"embeddable":true,"href":"https:\/\/diasporasolidaria.org\/en\/wp-json\/wp\/v2\/pages\/2046"}],"wp:attachment":[{"href":"https:\/\/diasporasolidaria.org\/en\/wp-json\/wp\/v2\/media?parent=2116"}],"curies":[{"name":"wp","href":"https:\/\/api.w.org\/{rel}","templated":true}]}}